{"id":4574,"date":"2025-06-02T07:44:43","date_gmt":"2025-06-02T05:44:43","guid":{"rendered":"https:\/\/asso-clan.net\/?post_type=product&#038;p=4574"},"modified":"2025-12-17T16:22:32","modified_gmt":"2025-12-17T15:22:32","slug":"tablette-samsung-galaxy-tab-active3","status":"publish","type":"product","link":"https:\/\/asso-clan.net\/?product=tablette-samsung-galaxy-tab-active3","title":{"rendered":"Tablette &#8211; Samsung Galaxy Tab Active3"},"content":{"rendered":"<p>\u00c9cran : 8 pouces<\/p>\n<p>&nbsp;<\/p>\n<p>En tr\u00e8s bon \u00e9tat. Reconditionn\u00e9 par nos soins.<\/p>\n","protected":false},"excerpt":{"rendered":"<p>\u00c9cran : 8 pouces &nbsp; En tr\u00e8s bon \u00e9tat. Reconditionn\u00e9 par nos soins.<\/p>\n","protected":false},"featured_media":4575,"comment_status":"open","ping_status":"closed","template":"","meta":{"_uag_custom_page_level_css":"","site-sidebar-layout":"default","site-content-layout":"","ast-site-content-layout":"default","site-content-style":"default","site-sidebar-style":"default","ast-global-header-display":"","ast-banner-title-visibility":"","ast-main-header-display":"","ast-hfb-above-header-display":"","ast-hfb-below-header-display":"","ast-hfb-mobile-header-display":"","site-post-title":"","ast-breadcrumbs-content":"","ast-featured-img":"","footer-sml-layout":"","theme-transparent-header-meta":"default","adv-header-id-meta":"","stick-header-meta":"","header-above-stick-meta":"","header-main-stick-meta":"","header-below-stick-meta":"","astra-migrate-meta-layouts":"set","ast-page-background-enabled":"default","ast-page-background-meta":{"desktop":{"background-color":"","background-image":"","background-repeat":"repeat","background-position":"center center","background-size":"auto","background-attachment":"scroll","background-type":"","background-media":"","overlay-type":"","overlay-color":"","overlay-opacity":"","overlay-gradient":""},"tablet":{"background-color":"","background-image":"","background-repeat":"repeat","background-position":"center center","background-size":"auto","background-attachment":"scroll","background-type":"","background-media":"","overlay-type":"","overlay-color":"","overlay-opacity":"","overlay-gradient":""},"mobile":{"background-color":"","background-image":"","background-repeat":"repeat","background-position":"center center","background-size":"auto","background-attachment":"scroll","background-type":"","background-media":"","overlay-type":"","overlay-color":"","overlay-opacity":"","overlay-gradient":""}},"ast-content-background-meta":{"desktop":{"background-color":"var(--ast-global-color-5)","background-image":"","background-repeat":"repeat","background-position":"center center","background-size":"auto","background-attachment":"scroll","background-type":"","background-media":"","overlay-type":"","overlay-color":"","overlay-opacity":"","overlay-gradient":""},"tablet":{"background-color":"var(--ast-global-color-5)","background-image":"","background-repeat":"repeat","background-position":"center center","background-size":"auto","background-attachment":"scroll","background-type":"","background-media":"","overlay-type":"","overlay-color":"","overlay-opacity":"","overlay-gradient":""},"mobile":{"background-color":"var(--ast-global-color-5)","background-image":"","background-repeat":"repeat","background-position":"center center","background-size":"auto","background-attachment":"scroll","background-type":"","background-media":"","overlay-type":"","overlay-color":"","overlay-opacity":"","overlay-gradient":""}},"jetpack_publicize_message":"","jetpack_publicize_feature_enabled":true,"jetpack_social_post_already_shared":true,"jetpack_social_options":{"image_generator_settings":{"template":"highway","default_image_id":0,"font":"","enabled":false},"version":2}},"product_brand":[],"product_cat":[18,66],"product_tag":[68,67],"class_list":{"0":"post-4574","1":"product","2":"type-product","3":"status-publish","4":"has-post-thumbnail","6":"product_cat-materiel","7":"product_cat-smartphone","8":"product_tag-samsung","9":"product_tag-smartphone","10":"membership-content","11":"purchase-restricted","12":"desktop-align-left","13":"tablet-align-left","14":"mobile-align-left","16":"first","17":"outofstock","18":"product-type-simple"},"supplier_id":null,"supplier_sku":"","barcode":null,"atum_controlled":true,"out_stock_date":"2025-12-17 16:22:32","out_stock_threshold":null,"inheritable":false,"inbound_stock":0,"stock_on_hold":0,"sold_today":0,"sales_last_days":0,"reserved_stock":0,"customer_returns":0,"warehouse_damage":0,"lost_in_post":0,"other_logs":0,"out_stock_days":131,"lost_sales":1216,"has_location":false,"update_date":"2026-04-28T07:15:28","atum_locations":[],"atum_stock_status":"outofstock","restock_status":false,"low_stock_amount":1,"sales_update_date":"2026-04-28T07:15:28","calc_backorders":null,"yoast_head":"<!-- This site is optimized with the Yoast SEO plugin v25.1 - https:\/\/yoast.com\/wordpress\/plugins\/seo\/ -->\n<title>Tablette - Samsung Galaxy Tab Active3 - CLAN<\/title>\n<meta name=\"robots\" content=\"index, follow, max-snippet:-1, max-image-preview:large, max-video-preview:-1\" \/>\n<link rel=\"canonical\" href=\"https:\/\/asso-clan.net\/?product=tablette-samsung-galaxy-tab-active3\" \/>\n<meta property=\"og:locale\" content=\"fr_FR\" \/>\n<meta property=\"og:type\" content=\"article\" \/>\n<meta property=\"og:title\" content=\"Tablette - Samsung Galaxy Tab Active3 - CLAN\" \/>\n<meta property=\"og:description\" content=\"\u00c9cran : 8 pouces &nbsp; En tr\u00e8s bon \u00e9tat. Reconditionn\u00e9 par nos soins.\" \/>\n<meta property=\"og:url\" content=\"https:\/\/asso-clan.net\/?product=tablette-samsung-galaxy-tab-active3\" \/>\n<meta property=\"og:site_name\" content=\"CLAN\" \/>\n<meta property=\"article:modified_time\" content=\"2025-12-17T15:22:32+00:00\" \/>\n<meta property=\"og:image\" content=\"https:\/\/asso-clan.net\/wp-content\/uploads\/2025\/06\/active3.webp\" \/>\n\t<meta property=\"og:image:width\" content=\"684\" \/>\n\t<meta property=\"og:image:height\" content=\"547\" \/>\n\t<meta property=\"og:image:type\" content=\"image\/webp\" \/>\n<meta name=\"twitter:card\" content=\"summary_large_image\" \/>\n<meta name=\"twitter:label1\" content=\"Dur\u00e9e de lecture estim\u00e9e\" \/>\n\t<meta name=\"twitter:data1\" content=\"1 minute\" \/>\n<script type=\"application\/ld+json\" class=\"yoast-schema-graph\">{\"@context\":\"https:\/\/schema.org\",\"@graph\":[{\"@type\":\"WebPage\",\"@id\":\"https:\/\/asso-clan.net\/?product=tablette-samsung-galaxy-tab-active3\",\"url\":\"https:\/\/asso-clan.net\/?product=tablette-samsung-galaxy-tab-active3\",\"name\":\"Tablette - Samsung Galaxy Tab Active3 - CLAN\",\"isPartOf\":{\"@id\":\"http:\/\/asso-clan.net\/#website\"},\"primaryImageOfPage\":{\"@id\":\"https:\/\/asso-clan.net\/?product=tablette-samsung-galaxy-tab-active3#primaryimage\"},\"image\":{\"@id\":\"https:\/\/asso-clan.net\/?product=tablette-samsung-galaxy-tab-active3#primaryimage\"},\"thumbnailUrl\":\"https:\/\/asso-clan.net\/wp-content\/uploads\/2025\/06\/active3.webp\",\"datePublished\":\"2025-06-02T05:44:43+00:00\",\"dateModified\":\"2025-12-17T15:22:32+00:00\",\"breadcrumb\":{\"@id\":\"https:\/\/asso-clan.net\/?product=tablette-samsung-galaxy-tab-active3#breadcrumb\"},\"inLanguage\":\"fr-FR\",\"potentialAction\":[{\"@type\":\"ReadAction\",\"target\":[\"https:\/\/asso-clan.net\/?product=tablette-samsung-galaxy-tab-active3\"]}]},{\"@type\":\"ImageObject\",\"inLanguage\":\"fr-FR\",\"@id\":\"https:\/\/asso-clan.net\/?product=tablette-samsung-galaxy-tab-active3#primaryimage\",\"url\":\"https:\/\/asso-clan.net\/wp-content\/uploads\/2025\/06\/active3.webp\",\"contentUrl\":\"https:\/\/asso-clan.net\/wp-content\/uploads\/2025\/06\/active3.webp\",\"width\":684,\"height\":547},{\"@type\":\"BreadcrumbList\",\"@id\":\"https:\/\/asso-clan.net\/?product=tablette-samsung-galaxy-tab-active3#breadcrumb\",\"itemListElement\":[{\"@type\":\"ListItem\",\"position\":1,\"name\":\"Accueil\",\"item\":\"https:\/\/asso-clan.net\/\"},{\"@type\":\"ListItem\",\"position\":2,\"name\":\"Boutique\",\"item\":\"https:\/\/asso-clan.net\/?page_id=70\"},{\"@type\":\"ListItem\",\"position\":3,\"name\":\"Tablette &#8211; Samsung Galaxy Tab Active3\"}]},{\"@type\":\"WebSite\",\"@id\":\"http:\/\/asso-clan.net\/#website\",\"url\":\"http:\/\/asso-clan.net\/\",\"name\":\"CLAN\",\"description\":\"Culture et Loisirs Associatifs Nancy\",\"publisher\":{\"@id\":\"http:\/\/asso-clan.net\/#organization\"},\"potentialAction\":[{\"@type\":\"SearchAction\",\"target\":{\"@type\":\"EntryPoint\",\"urlTemplate\":\"http:\/\/asso-clan.net\/?s={search_term_string}\"},\"query-input\":{\"@type\":\"PropertyValueSpecification\",\"valueRequired\":true,\"valueName\":\"search_term_string\"}}],\"inLanguage\":\"fr-FR\"},{\"@type\":\"Organization\",\"@id\":\"http:\/\/asso-clan.net\/#organization\",\"name\":\"CLAN - Culture et Loisirs Associatifs Nancy\",\"url\":\"http:\/\/asso-clan.net\/\",\"logo\":{\"@type\":\"ImageObject\",\"inLanguage\":\"fr-FR\",\"@id\":\"http:\/\/asso-clan.net\/#\/schema\/logo\/image\/\",\"url\":\"https:\/\/asso-clan.net\/wp-content\/uploads\/2024\/12\/cropped-logo-vector.png\",\"contentUrl\":\"https:\/\/asso-clan.net\/wp-content\/uploads\/2024\/12\/cropped-logo-vector.png\",\"width\":1164,\"height\":387,\"caption\":\"CLAN - Culture et Loisirs Associatifs Nancy\"},\"image\":{\"@id\":\"http:\/\/asso-clan.net\/#\/schema\/logo\/image\/\"}}]}<\/script>\n<!-- \/ Yoast SEO plugin. -->","yoast_head_json":{"title":"Tablette - Samsung Galaxy Tab Active3 - CLAN","robots":{"index":"index","follow":"follow","max-snippet":"max-snippet:-1","max-image-preview":"max-image-preview:large","max-video-preview":"max-video-preview:-1"},"canonical":"https:\/\/asso-clan.net\/?product=tablette-samsung-galaxy-tab-active3","og_locale":"fr_FR","og_type":"article","og_title":"Tablette - Samsung Galaxy Tab Active3 - CLAN","og_description":"\u00c9cran : 8 pouces &nbsp; En tr\u00e8s bon \u00e9tat. Reconditionn\u00e9 par nos soins.","og_url":"https:\/\/asso-clan.net\/?product=tablette-samsung-galaxy-tab-active3","og_site_name":"CLAN","article_modified_time":"2025-12-17T15:22:32+00:00","og_image":[{"width":684,"height":547,"url":"https:\/\/asso-clan.net\/wp-content\/uploads\/2025\/06\/active3.webp","type":"image\/webp"}],"twitter_card":"summary_large_image","twitter_misc":{"Dur\u00e9e de lecture estim\u00e9e":"1 minute"},"schema":{"@context":"https:\/\/schema.org","@graph":[{"@type":"WebPage","@id":"https:\/\/asso-clan.net\/?product=tablette-samsung-galaxy-tab-active3","url":"https:\/\/asso-clan.net\/?product=tablette-samsung-galaxy-tab-active3","name":"Tablette - Samsung Galaxy Tab Active3 - CLAN","isPartOf":{"@id":"http:\/\/asso-clan.net\/#website"},"primaryImageOfPage":{"@id":"https:\/\/asso-clan.net\/?product=tablette-samsung-galaxy-tab-active3#primaryimage"},"image":{"@id":"https:\/\/asso-clan.net\/?product=tablette-samsung-galaxy-tab-active3#primaryimage"},"thumbnailUrl":"https:\/\/asso-clan.net\/wp-content\/uploads\/2025\/06\/active3.webp","datePublished":"2025-06-02T05:44:43+00:00","dateModified":"2025-12-17T15:22:32+00:00","breadcrumb":{"@id":"https:\/\/asso-clan.net\/?product=tablette-samsung-galaxy-tab-active3#breadcrumb"},"inLanguage":"fr-FR","potentialAction":[{"@type":"ReadAction","target":["https:\/\/asso-clan.net\/?product=tablette-samsung-galaxy-tab-active3"]}]},{"@type":"ImageObject","inLanguage":"fr-FR","@id":"https:\/\/asso-clan.net\/?product=tablette-samsung-galaxy-tab-active3#primaryimage","url":"https:\/\/asso-clan.net\/wp-content\/uploads\/2025\/06\/active3.webp","contentUrl":"https:\/\/asso-clan.net\/wp-content\/uploads\/2025\/06\/active3.webp","width":684,"height":547},{"@type":"BreadcrumbList","@id":"https:\/\/asso-clan.net\/?product=tablette-samsung-galaxy-tab-active3#breadcrumb","itemListElement":[{"@type":"ListItem","position":1,"name":"Accueil","item":"https:\/\/asso-clan.net\/"},{"@type":"ListItem","position":2,"name":"Boutique","item":"https:\/\/asso-clan.net\/?page_id=70"},{"@type":"ListItem","position":3,"name":"Tablette &#8211; Samsung Galaxy Tab Active3"}]},{"@type":"WebSite","@id":"http:\/\/asso-clan.net\/#website","url":"http:\/\/asso-clan.net\/","name":"CLAN","description":"Culture et Loisirs Associatifs Nancy","publisher":{"@id":"http:\/\/asso-clan.net\/#organization"},"potentialAction":[{"@type":"SearchAction","target":{"@type":"EntryPoint","urlTemplate":"http:\/\/asso-clan.net\/?s={search_term_string}"},"query-input":{"@type":"PropertyValueSpecification","valueRequired":true,"valueName":"search_term_string"}}],"inLanguage":"fr-FR"},{"@type":"Organization","@id":"http:\/\/asso-clan.net\/#organization","name":"CLAN - Culture et Loisirs Associatifs Nancy","url":"http:\/\/asso-clan.net\/","logo":{"@type":"ImageObject","inLanguage":"fr-FR","@id":"http:\/\/asso-clan.net\/#\/schema\/logo\/image\/","url":"https:\/\/asso-clan.net\/wp-content\/uploads\/2024\/12\/cropped-logo-vector.png","contentUrl":"https:\/\/asso-clan.net\/wp-content\/uploads\/2024\/12\/cropped-logo-vector.png","width":1164,"height":387,"caption":"CLAN - Culture et Loisirs Associatifs Nancy"},"image":{"@id":"http:\/\/asso-clan.net\/#\/schema\/logo\/image\/"}}]}},"jetpack_publicize_connections":[],"uagb_featured_image_src":{"full":["https:\/\/asso-clan.net\/wp-content\/uploads\/2025\/06\/active3.webp",684,547,false],"thumbnail":["https:\/\/asso-clan.net\/wp-content\/uploads\/2025\/06\/active3-150x150.webp",150,150,true],"medium":["https:\/\/asso-clan.net\/wp-content\/uploads\/2025\/06\/active3-300x240.webp",300,240,true],"medium_large":["https:\/\/asso-clan.net\/wp-content\/uploads\/2025\/06\/active3.webp",684,547,false],"large":["https:\/\/asso-clan.net\/wp-content\/uploads\/2025\/06\/active3.webp",684,547,false],"1536x1536":["https:\/\/asso-clan.net\/wp-content\/uploads\/2025\/06\/active3.webp",684,547,false],"2048x2048":["https:\/\/asso-clan.net\/wp-content\/uploads\/2025\/06\/active3.webp",684,547,false],"wishsuite-image":["https:\/\/asso-clan.net\/wp-content\/uploads\/2025\/06\/active3.webp",80,64,false],"ever-compare-image":["https:\/\/asso-clan.net\/wp-content\/uploads\/2025\/06\/active3.webp",300,240,false],"mailpoet_newsletter_max":["https:\/\/asso-clan.net\/wp-content\/uploads\/2025\/06\/active3.webp",684,547,false],"woocommerce_thumbnail":["https:\/\/asso-clan.net\/wp-content\/uploads\/2025\/06\/active3-300x240.webp",300,240,true],"woocommerce_single":["https:\/\/asso-clan.net\/wp-content\/uploads\/2025\/06\/active3-450x360.webp",450,360,true],"woocommerce_gallery_thumbnail":["https:\/\/asso-clan.net\/wp-content\/uploads\/2025\/06\/active3-100x100.webp",100,100,true]},"uagb_author_info":{"display_name":"webadmin","author_link":"https:\/\/asso-clan.net\/?author=0"},"uagb_comment_info":0,"uagb_excerpt":"\u00c9cran : 8 pouces &nbsp; En tr\u00e8s bon \u00e9tat. Reconditionn\u00e9 par nos soins.","jetpack_sharing_enabled":true,"_links":{"self":[{"href":"https:\/\/asso-clan.net\/index.php?rest_route=\/wp\/v2\/product\/4574","targetHints":{"allow":["GET"]}}],"collection":[{"href":"https:\/\/asso-clan.net\/index.php?rest_route=\/wp\/v2\/product"}],"about":[{"href":"https:\/\/asso-clan.net\/index.php?rest_route=\/wp\/v2\/types\/product"}],"replies":[{"embeddable":true,"href":"https:\/\/asso-clan.net\/index.php?rest_route=%2Fwp%2Fv2%2Fcomments&post=4574"}],"version-history":[{"count":1,"href":"https:\/\/asso-clan.net\/index.php?rest_route=\/wp\/v2\/product\/4574\/revisions"}],"predecessor-version":[{"id":4576,"href":"https:\/\/asso-clan.net\/index.php?rest_route=\/wp\/v2\/product\/4574\/revisions\/4576"}],"wp:featuredmedia":[{"embeddable":true,"href":"https:\/\/asso-clan.net\/index.php?rest_route=\/wp\/v2\/media\/4575"}],"wp:attachment":[{"href":"https:\/\/asso-clan.net\/index.php?rest_route=%2Fwp%2Fv2%2Fmedia&parent=4574"}],"wp:term":[{"taxonomy":"product_brand","embeddable":true,"href":"https:\/\/asso-clan.net\/index.php?rest_route=%2Fwp%2Fv2%2Fproduct_brand&post=4574"},{"taxonomy":"product_cat","embeddable":true,"href":"https:\/\/asso-clan.net\/index.php?rest_route=%2Fwp%2Fv2%2Fproduct_cat&post=4574"},{"taxonomy":"product_tag","embeddable":true,"href":"https:\/\/asso-clan.net\/index.php?rest_route=%2Fwp%2Fv2%2Fproduct_tag&post=4574"}],"curies":[{"name":"wp","href":"https:\/\/api.w.org\/{rel}","templated":true}]}}