{"id":3964,"date":"2025-03-25T13:50:06","date_gmt":"2025-03-25T12:50:06","guid":{"rendered":"https:\/\/dev.asso-clan.net\/?post_type=product&#038;p=3964"},"modified":"2026-04-28T17:10:11","modified_gmt":"2026-04-28T15:10:11","slug":"smartphone-samsung-galaxy-a13","status":"publish","type":"product","link":"https:\/\/asso-clan.net\/?product=smartphone-samsung-galaxy-a13","title":{"rendered":"Smartphone &#8211; Samsung Galaxy A13"},"content":{"rendered":"<p>En tr\u00e8s bon \u00e9tat. Reconditionn\u00e9 par nos soins.<\/p>\n","protected":false},"excerpt":{"rendered":"<p>En tr\u00e8s bon \u00e9tat. Reconditionn\u00e9 par nos soins.<\/p>\n","protected":false},"featured_media":3963,"comment_status":"open","ping_status":"closed","template":"","meta":{"_uag_custom_page_level_css":"","site-sidebar-layout":"default","site-content-layout":"","ast-site-content-layout":"default","site-content-style":"default","site-sidebar-style":"default","ast-global-header-display":"","ast-banner-title-visibility":"","ast-main-header-display":"","ast-hfb-above-header-display":"","ast-hfb-below-header-display":"","ast-hfb-mobile-header-display":"","site-post-title":"","ast-breadcrumbs-content":"","ast-featured-img":"","footer-sml-layout":"","theme-transparent-header-meta":"default","adv-header-id-meta":"","stick-header-meta":"","header-above-stick-meta":"","header-main-stick-meta":"","header-below-stick-meta":"","astra-migrate-meta-layouts":"set","ast-page-background-enabled":"default","ast-page-background-meta":{"desktop":{"background-color":"","background-image":"","background-repeat":"repeat","background-position":"center center","background-size":"auto","background-attachment":"scroll","background-type":"","background-media":"","overlay-type":"","overlay-color":"","overlay-opacity":"","overlay-gradient":""},"tablet":{"background-color":"","background-image":"","background-repeat":"repeat","background-position":"center center","background-size":"auto","background-attachment":"scroll","background-type":"","background-media":"","overlay-type":"","overlay-color":"","overlay-opacity":"","overlay-gradient":""},"mobile":{"background-color":"","background-image":"","background-repeat":"repeat","background-position":"center center","background-size":"auto","background-attachment":"scroll","background-type":"","background-media":"","overlay-type":"","overlay-color":"","overlay-opacity":"","overlay-gradient":""}},"ast-content-background-meta":{"desktop":{"background-color":"var(--ast-global-color-5)","background-image":"","background-repeat":"repeat","background-position":"center center","background-size":"auto","background-attachment":"scroll","background-type":"","background-media":"","overlay-type":"","overlay-color":"","overlay-opacity":"","overlay-gradient":""},"tablet":{"background-color":"var(--ast-global-color-5)","background-image":"","background-repeat":"repeat","background-position":"center center","background-size":"auto","background-attachment":"scroll","background-type":"","background-media":"","overlay-type":"","overlay-color":"","overlay-opacity":"","overlay-gradient":""},"mobile":{"background-color":"var(--ast-global-color-5)","background-image":"","background-repeat":"repeat","background-position":"center center","background-size":"auto","background-attachment":"scroll","background-type":"","background-media":"","overlay-type":"","overlay-color":"","overlay-opacity":"","overlay-gradient":""}},"jetpack_publicize_message":"","jetpack_publicize_feature_enabled":true,"jetpack_social_post_already_shared":true,"jetpack_social_options":{"image_generator_settings":{"template":"highway","default_image_id":0,"font":"","enabled":false},"version":2}},"product_brand":[],"product_cat":[18,66],"product_tag":[68,67],"class_list":{"0":"post-3964","1":"product","2":"type-product","3":"status-publish","4":"has-post-thumbnail","6":"product_cat-materiel","7":"product_cat-smartphone","8":"product_tag-samsung","9":"product_tag-smartphone","10":"membership-content","11":"purchase-restricted","12":"desktop-align-left","13":"tablet-align-left","14":"mobile-align-left","16":"first","17":"instock","18":"product-type-simple"},"supplier_id":null,"supplier_sku":"","barcode":null,"atum_controlled":true,"out_stock_date":null,"out_stock_threshold":null,"inheritable":false,"inbound_stock":0,"stock_on_hold":0,"sold_today":0,"sales_last_days":0,"reserved_stock":0,"customer_returns":0,"warehouse_damage":0,"lost_in_post":0,"other_logs":0,"out_stock_days":0,"lost_sales":0,"has_location":false,"update_date":"2026-04-28T15:10:12","atum_locations":[],"atum_stock_status":"instock","restock_status":false,"low_stock_amount":0,"sales_update_date":"2026-04-28T07:15:28","calc_backorders":null,"yoast_head":"<!-- This site is optimized with the Yoast SEO plugin v25.1 - https:\/\/yoast.com\/wordpress\/plugins\/seo\/ -->\n<title>Smartphone - Samsung Galaxy A13 - CLAN<\/title>\n<meta name=\"robots\" content=\"index, follow, max-snippet:-1, max-image-preview:large, max-video-preview:-1\" \/>\n<link rel=\"canonical\" href=\"https:\/\/asso-clan.net\/?product=smartphone-samsung-galaxy-a13\" \/>\n<meta property=\"og:locale\" content=\"fr_FR\" \/>\n<meta property=\"og:type\" content=\"article\" \/>\n<meta property=\"og:title\" content=\"Smartphone - Samsung Galaxy A13 - CLAN\" \/>\n<meta property=\"og:description\" content=\"En tr\u00e8s bon \u00e9tat. Reconditionn\u00e9 par nos soins.\" \/>\n<meta property=\"og:url\" content=\"https:\/\/asso-clan.net\/?product=smartphone-samsung-galaxy-a13\" \/>\n<meta property=\"og:site_name\" content=\"CLAN\" \/>\n<meta property=\"article:modified_time\" content=\"2026-04-28T15:10:11+00:00\" \/>\n<meta property=\"og:image\" content=\"https:\/\/asso-clan.net\/wp-content\/uploads\/2025\/03\/A13.png\" \/>\n\t<meta property=\"og:image:width\" content=\"800\" \/>\n\t<meta property=\"og:image:height\" content=\"800\" \/>\n\t<meta property=\"og:image:type\" content=\"image\/png\" \/>\n<meta name=\"twitter:card\" content=\"summary_large_image\" \/>\n<meta name=\"twitter:label1\" content=\"Dur\u00e9e de lecture estim\u00e9e\" \/>\n\t<meta name=\"twitter:data1\" content=\"1 minute\" \/>\n<script type=\"application\/ld+json\" class=\"yoast-schema-graph\">{\"@context\":\"https:\/\/schema.org\",\"@graph\":[{\"@type\":\"WebPage\",\"@id\":\"https:\/\/asso-clan.net\/?product=smartphone-samsung-galaxy-a13\",\"url\":\"https:\/\/asso-clan.net\/?product=smartphone-samsung-galaxy-a13\",\"name\":\"Smartphone - Samsung Galaxy A13 - CLAN\",\"isPartOf\":{\"@id\":\"http:\/\/asso-clan.net\/#website\"},\"primaryImageOfPage\":{\"@id\":\"https:\/\/asso-clan.net\/?product=smartphone-samsung-galaxy-a13#primaryimage\"},\"image\":{\"@id\":\"https:\/\/asso-clan.net\/?product=smartphone-samsung-galaxy-a13#primaryimage\"},\"thumbnailUrl\":\"https:\/\/asso-clan.net\/wp-content\/uploads\/2025\/03\/A13.png\",\"datePublished\":\"2025-03-25T12:50:06+00:00\",\"dateModified\":\"2026-04-28T15:10:11+00:00\",\"breadcrumb\":{\"@id\":\"https:\/\/asso-clan.net\/?product=smartphone-samsung-galaxy-a13#breadcrumb\"},\"inLanguage\":\"fr-FR\",\"potentialAction\":[{\"@type\":\"ReadAction\",\"target\":[\"https:\/\/asso-clan.net\/?product=smartphone-samsung-galaxy-a13\"]}]},{\"@type\":\"ImageObject\",\"inLanguage\":\"fr-FR\",\"@id\":\"https:\/\/asso-clan.net\/?product=smartphone-samsung-galaxy-a13#primaryimage\",\"url\":\"https:\/\/asso-clan.net\/wp-content\/uploads\/2025\/03\/A13.png\",\"contentUrl\":\"https:\/\/asso-clan.net\/wp-content\/uploads\/2025\/03\/A13.png\",\"width\":800,\"height\":800},{\"@type\":\"BreadcrumbList\",\"@id\":\"https:\/\/asso-clan.net\/?product=smartphone-samsung-galaxy-a13#breadcrumb\",\"itemListElement\":[{\"@type\":\"ListItem\",\"position\":1,\"name\":\"Accueil\",\"item\":\"https:\/\/asso-clan.net\/\"},{\"@type\":\"ListItem\",\"position\":2,\"name\":\"Boutique\",\"item\":\"https:\/\/asso-clan.net\/?page_id=70\"},{\"@type\":\"ListItem\",\"position\":3,\"name\":\"Smartphone &#8211; Samsung Galaxy A13\"}]},{\"@type\":\"WebSite\",\"@id\":\"http:\/\/asso-clan.net\/#website\",\"url\":\"http:\/\/asso-clan.net\/\",\"name\":\"CLAN\",\"description\":\"Culture et Loisirs Associatifs Nancy\",\"publisher\":{\"@id\":\"http:\/\/asso-clan.net\/#organization\"},\"potentialAction\":[{\"@type\":\"SearchAction\",\"target\":{\"@type\":\"EntryPoint\",\"urlTemplate\":\"http:\/\/asso-clan.net\/?s={search_term_string}\"},\"query-input\":{\"@type\":\"PropertyValueSpecification\",\"valueRequired\":true,\"valueName\":\"search_term_string\"}}],\"inLanguage\":\"fr-FR\"},{\"@type\":\"Organization\",\"@id\":\"http:\/\/asso-clan.net\/#organization\",\"name\":\"CLAN - Culture et Loisirs Associatifs Nancy\",\"url\":\"http:\/\/asso-clan.net\/\",\"logo\":{\"@type\":\"ImageObject\",\"inLanguage\":\"fr-FR\",\"@id\":\"http:\/\/asso-clan.net\/#\/schema\/logo\/image\/\",\"url\":\"https:\/\/asso-clan.net\/wp-content\/uploads\/2024\/12\/cropped-logo-vector.png\",\"contentUrl\":\"https:\/\/asso-clan.net\/wp-content\/uploads\/2024\/12\/cropped-logo-vector.png\",\"width\":1164,\"height\":387,\"caption\":\"CLAN - Culture et Loisirs Associatifs Nancy\"},\"image\":{\"@id\":\"http:\/\/asso-clan.net\/#\/schema\/logo\/image\/\"}}]}<\/script>\n<!-- \/ Yoast SEO plugin. -->","yoast_head_json":{"title":"Smartphone - Samsung Galaxy A13 - CLAN","robots":{"index":"index","follow":"follow","max-snippet":"max-snippet:-1","max-image-preview":"max-image-preview:large","max-video-preview":"max-video-preview:-1"},"canonical":"https:\/\/asso-clan.net\/?product=smartphone-samsung-galaxy-a13","og_locale":"fr_FR","og_type":"article","og_title":"Smartphone - Samsung Galaxy A13 - CLAN","og_description":"En tr\u00e8s bon \u00e9tat. Reconditionn\u00e9 par nos soins.","og_url":"https:\/\/asso-clan.net\/?product=smartphone-samsung-galaxy-a13","og_site_name":"CLAN","article_modified_time":"2026-04-28T15:10:11+00:00","og_image":[{"width":800,"height":800,"url":"https:\/\/asso-clan.net\/wp-content\/uploads\/2025\/03\/A13.png","type":"image\/png"}],"twitter_card":"summary_large_image","twitter_misc":{"Dur\u00e9e de lecture estim\u00e9e":"1 minute"},"schema":{"@context":"https:\/\/schema.org","@graph":[{"@type":"WebPage","@id":"https:\/\/asso-clan.net\/?product=smartphone-samsung-galaxy-a13","url":"https:\/\/asso-clan.net\/?product=smartphone-samsung-galaxy-a13","name":"Smartphone - Samsung Galaxy A13 - CLAN","isPartOf":{"@id":"http:\/\/asso-clan.net\/#website"},"primaryImageOfPage":{"@id":"https:\/\/asso-clan.net\/?product=smartphone-samsung-galaxy-a13#primaryimage"},"image":{"@id":"https:\/\/asso-clan.net\/?product=smartphone-samsung-galaxy-a13#primaryimage"},"thumbnailUrl":"https:\/\/asso-clan.net\/wp-content\/uploads\/2025\/03\/A13.png","datePublished":"2025-03-25T12:50:06+00:00","dateModified":"2026-04-28T15:10:11+00:00","breadcrumb":{"@id":"https:\/\/asso-clan.net\/?product=smartphone-samsung-galaxy-a13#breadcrumb"},"inLanguage":"fr-FR","potentialAction":[{"@type":"ReadAction","target":["https:\/\/asso-clan.net\/?product=smartphone-samsung-galaxy-a13"]}]},{"@type":"ImageObject","inLanguage":"fr-FR","@id":"https:\/\/asso-clan.net\/?product=smartphone-samsung-galaxy-a13#primaryimage","url":"https:\/\/asso-clan.net\/wp-content\/uploads\/2025\/03\/A13.png","contentUrl":"https:\/\/asso-clan.net\/wp-content\/uploads\/2025\/03\/A13.png","width":800,"height":800},{"@type":"BreadcrumbList","@id":"https:\/\/asso-clan.net\/?product=smartphone-samsung-galaxy-a13#breadcrumb","itemListElement":[{"@type":"ListItem","position":1,"name":"Accueil","item":"https:\/\/asso-clan.net\/"},{"@type":"ListItem","position":2,"name":"Boutique","item":"https:\/\/asso-clan.net\/?page_id=70"},{"@type":"ListItem","position":3,"name":"Smartphone &#8211; Samsung Galaxy A13"}]},{"@type":"WebSite","@id":"http:\/\/asso-clan.net\/#website","url":"http:\/\/asso-clan.net\/","name":"CLAN","description":"Culture et Loisirs Associatifs Nancy","publisher":{"@id":"http:\/\/asso-clan.net\/#organization"},"potentialAction":[{"@type":"SearchAction","target":{"@type":"EntryPoint","urlTemplate":"http:\/\/asso-clan.net\/?s={search_term_string}"},"query-input":{"@type":"PropertyValueSpecification","valueRequired":true,"valueName":"search_term_string"}}],"inLanguage":"fr-FR"},{"@type":"Organization","@id":"http:\/\/asso-clan.net\/#organization","name":"CLAN - Culture et Loisirs Associatifs Nancy","url":"http:\/\/asso-clan.net\/","logo":{"@type":"ImageObject","inLanguage":"fr-FR","@id":"http:\/\/asso-clan.net\/#\/schema\/logo\/image\/","url":"https:\/\/asso-clan.net\/wp-content\/uploads\/2024\/12\/cropped-logo-vector.png","contentUrl":"https:\/\/asso-clan.net\/wp-content\/uploads\/2024\/12\/cropped-logo-vector.png","width":1164,"height":387,"caption":"CLAN - Culture et Loisirs Associatifs Nancy"},"image":{"@id":"http:\/\/asso-clan.net\/#\/schema\/logo\/image\/"}}]}},"jetpack_publicize_connections":[],"uagb_featured_image_src":{"full":["https:\/\/asso-clan.net\/wp-content\/uploads\/2025\/03\/A13.png",800,800,false],"thumbnail":["https:\/\/asso-clan.net\/wp-content\/uploads\/2025\/03\/A13-150x150.png",150,150,true],"medium":["https:\/\/asso-clan.net\/wp-content\/uploads\/2025\/03\/A13-300x300.png",300,300,true],"medium_large":["https:\/\/asso-clan.net\/wp-content\/uploads\/2025\/03\/A13-768x768.png",768,768,true],"large":["https:\/\/asso-clan.net\/wp-content\/uploads\/2025\/03\/A13.png",800,800,false],"1536x1536":["https:\/\/asso-clan.net\/wp-content\/uploads\/2025\/03\/A13.png",800,800,false],"2048x2048":["https:\/\/asso-clan.net\/wp-content\/uploads\/2025\/03\/A13.png",800,800,false],"wishsuite-image":["https:\/\/asso-clan.net\/wp-content\/uploads\/2025\/03\/A13.png",80,80,false],"ever-compare-image":["https:\/\/asso-clan.net\/wp-content\/uploads\/2025\/03\/A13.png",300,300,false],"mailpoet_newsletter_max":["https:\/\/asso-clan.net\/wp-content\/uploads\/2025\/03\/A13.png",800,800,false],"woocommerce_thumbnail":["https:\/\/asso-clan.net\/wp-content\/uploads\/2025\/03\/A13-300x300.png",300,300,true],"woocommerce_single":["https:\/\/asso-clan.net\/wp-content\/uploads\/2025\/03\/A13-450x450.png",450,450,true],"woocommerce_gallery_thumbnail":["https:\/\/asso-clan.net\/wp-content\/uploads\/2025\/03\/A13-100x100.png",100,100,true]},"uagb_author_info":{"display_name":"webadmin","author_link":"https:\/\/asso-clan.net\/?author=0"},"uagb_comment_info":0,"uagb_excerpt":"En tr\u00e8s bon \u00e9tat. Reconditionn\u00e9 par nos soins.","jetpack_sharing_enabled":true,"_links":{"self":[{"href":"https:\/\/asso-clan.net\/index.php?rest_route=\/wp\/v2\/product\/3964","targetHints":{"allow":["GET"]}}],"collection":[{"href":"https:\/\/asso-clan.net\/index.php?rest_route=\/wp\/v2\/product"}],"about":[{"href":"https:\/\/asso-clan.net\/index.php?rest_route=\/wp\/v2\/types\/product"}],"replies":[{"embeddable":true,"href":"https:\/\/asso-clan.net\/index.php?rest_route=%2Fwp%2Fv2%2Fcomments&post=3964"}],"version-history":[{"count":1,"href":"https:\/\/asso-clan.net\/index.php?rest_route=\/wp\/v2\/product\/3964\/revisions"}],"predecessor-version":[{"id":4211,"href":"https:\/\/asso-clan.net\/index.php?rest_route=\/wp\/v2\/product\/3964\/revisions\/4211"}],"wp:featuredmedia":[{"embeddable":true,"href":"https:\/\/asso-clan.net\/index.php?rest_route=\/wp\/v2\/media\/3963"}],"wp:attachment":[{"href":"https:\/\/asso-clan.net\/index.php?rest_route=%2Fwp%2Fv2%2Fmedia&parent=3964"}],"wp:term":[{"taxonomy":"product_brand","embeddable":true,"href":"https:\/\/asso-clan.net\/index.php?rest_route=%2Fwp%2Fv2%2Fproduct_brand&post=3964"},{"taxonomy":"product_cat","embeddable":true,"href":"https:\/\/asso-clan.net\/index.php?rest_route=%2Fwp%2Fv2%2Fproduct_cat&post=3964"},{"taxonomy":"product_tag","embeddable":true,"href":"https:\/\/asso-clan.net\/index.php?rest_route=%2Fwp%2Fv2%2Fproduct_tag&post=3964"}],"curies":[{"name":"wp","href":"https:\/\/api.w.org\/{rel}","templated":true}]}}