{"id":3349,"date":"2025-02-26T10:52:50","date_gmt":"2025-02-26T09:52:50","guid":{"rendered":"https:\/\/dev.asso-clan.net\/?post_type=product&#038;p=3349"},"modified":"2025-06-20T09:02:00","modified_gmt":"2025-06-20T07:02:00","slug":"adhesion-a-linter-cea","status":"publish","type":"product","link":"https:\/\/asso-clan.net\/?product=adhesion-a-linter-cea","title":{"rendered":"Adh\u00e9sion \u00e0 l&rsquo;Inter-CEA"},"content":{"rendered":"<p>La carte InterCEA a pleins d\u2019avantages : elle vise \u00e0 rendre la culture plus accessible, en particulier dans le cadre d\u2019<strong>initiatives locales<\/strong>\u00a0et intercommunales, tout en soutenant la pratique artistique et la sensibilisation \u00e0 la culture pour un public vari\u00e9. Les b\u00e9n\u00e9ficiaires peuvent ainsi profiter de ressources culturelles tout au long de l\u2019ann\u00e9e.<\/p>\n<p>L\u2019adh\u00e9sion ouvre des droits du 28 f\u00e9vrier de l\u2019ann\u00e9e N jusqu\u2019au 28 f\u00e9vrier de l\u2019ann\u00e9e N+1. Aucun prorata temporis ne peut \u00eatre effectu\u00e9.<\/p>\n<p>Rendez-vous sur <a href=\"https:\/\/www.intercea.fr\/\">le site de l&rsquo;Inter-CEA<\/a> pour d\u00e9couvrir tous les avantages !<\/p>\n<p class=\"has-ast-global-color-0-color has-text-color has-link-color wp-elements-ea4e5876649836854f1b0c473bd01e12\"><strong>Attention, il faut d\u00e9j\u00e0 \u00eatre adh\u00e9rent CLAN avant de souscrire une inscription \u00e0 la carte InterCEA.<\/strong><\/p>\n","protected":false},"excerpt":{"rendered":"<p>L\u2019adh\u00e9sion ouvre des droits du 28 f\u00e9vrier de l\u2019ann\u00e9e N jusqu\u2019au 28 f\u00e9vrier de l\u2019ann\u00e9e N+1.<\/p>\n<p>Rendez-vous sur <a href=\"https:\/\/www.intercea.fr\/\">le site de l&rsquo;Inter-CEA<\/a> pour d\u00e9couvrir tous les avantages !<\/p>\n","protected":false},"featured_media":4724,"comment_status":"open","ping_status":"closed","template":"","meta":{"_uag_custom_page_level_css":"","site-sidebar-layout":"default","site-content-layout":"","ast-site-content-layout":"default","site-content-style":"default","site-sidebar-style":"default","ast-global-header-display":"","ast-banner-title-visibility":"","ast-main-header-display":"","ast-hfb-above-header-display":"","ast-hfb-below-header-display":"","ast-hfb-mobile-header-display":"","site-post-title":"","ast-breadcrumbs-content":"","ast-featured-img":"","footer-sml-layout":"","theme-transparent-header-meta":"default","adv-header-id-meta":"","stick-header-meta":"","header-above-stick-meta":"","header-main-stick-meta":"","header-below-stick-meta":"","astra-migrate-meta-layouts":"set","ast-page-background-enabled":"default","ast-page-background-meta":{"desktop":{"background-color":"","background-image":"","background-repeat":"repeat","background-position":"center center","background-size":"auto","background-attachment":"scroll","background-type":"","background-media":"","overlay-type":"","overlay-color":"","overlay-opacity":"","overlay-gradient":""},"tablet":{"background-color":"","background-image":"","background-repeat":"repeat","background-position":"center center","background-size":"auto","background-attachment":"scroll","background-type":"","background-media":"","overlay-type":"","overlay-color":"","overlay-opacity":"","overlay-gradient":""},"mobile":{"background-color":"","background-image":"","background-repeat":"repeat","background-position":"center center","background-size":"auto","background-attachment":"scroll","background-type":"","background-media":"","overlay-type":"","overlay-color":"","overlay-opacity":"","overlay-gradient":""}},"ast-content-background-meta":{"desktop":{"background-color":"var(--ast-global-color-5)","background-image":"","background-repeat":"repeat","background-position":"center center","background-size":"auto","background-attachment":"scroll","background-type":"","background-media":"","overlay-type":"","overlay-color":"","overlay-opacity":"","overlay-gradient":""},"tablet":{"background-color":"var(--ast-global-color-5)","background-image":"","background-repeat":"repeat","background-position":"center center","background-size":"auto","background-attachment":"scroll","background-type":"","background-media":"","overlay-type":"","overlay-color":"","overlay-opacity":"","overlay-gradient":""},"mobile":{"background-color":"var(--ast-global-color-5)","background-image":"","background-repeat":"repeat","background-position":"center center","background-size":"auto","background-attachment":"scroll","background-type":"","background-media":"","overlay-type":"","overlay-color":"","overlay-opacity":"","overlay-gradient":""}},"jetpack_publicize_message":"","jetpack_publicize_feature_enabled":true,"jetpack_social_post_already_shared":true,"jetpack_social_options":{"image_generator_settings":{"template":"highway","default_image_id":0,"font":"","enabled":false},"version":2}},"product_brand":[],"product_cat":[74],"product_tag":[],"class_list":{"0":"post-3349","1":"product","2":"type-product","3":"status-publish","4":"has-post-thumbnail","6":"product_cat-adhesions","7":"membership-content","8":"purchase-restricted","9":"desktop-align-left","10":"tablet-align-left","11":"mobile-align-left","13":"first","14":"instock","15":"virtual","16":"product-type-simple"},"supplier_id":null,"supplier_sku":"","barcode":null,"atum_controlled":true,"out_stock_date":null,"out_stock_threshold":null,"inheritable":false,"inbound_stock":0,"stock_on_hold":1,"sold_today":0,"sales_last_days":1,"reserved_stock":0,"customer_returns":0,"warehouse_damage":0,"lost_in_post":0,"other_logs":0,"out_stock_days":0,"lost_sales":0,"has_location":false,"update_date":"2026-04-28T07:15:29","atum_locations":[],"atum_stock_status":"instock","restock_status":false,"low_stock_amount":"","sales_update_date":"2026-04-28T07:15:29","calc_backorders":null,"yoast_head":"<!-- This site is optimized with the Yoast SEO plugin v25.1 - https:\/\/yoast.com\/wordpress\/plugins\/seo\/ -->\n<title>Adh\u00e9sion \u00e0 l&#039;Inter-CEA - CLAN<\/title>\n<meta name=\"robots\" content=\"index, follow, max-snippet:-1, max-image-preview:large, max-video-preview:-1\" \/>\n<link rel=\"canonical\" href=\"https:\/\/asso-clan.net\/?product=adhesion-a-linter-cea\" \/>\n<meta property=\"og:locale\" content=\"fr_FR\" \/>\n<meta property=\"og:type\" content=\"article\" \/>\n<meta property=\"og:title\" content=\"Adh\u00e9sion \u00e0 l&#039;Inter-CEA - CLAN\" \/>\n<meta property=\"og:description\" content=\"L\u2019adh\u00e9sion ouvre des droits du 28 f\u00e9vrier de l\u2019ann\u00e9e N jusqu\u2019au 28 f\u00e9vrier de l\u2019ann\u00e9e N+1.  Rendez-vous sur le site de l&#039;Inter-CEA pour d\u00e9couvrir tous les avantages !\" \/>\n<meta property=\"og:url\" content=\"https:\/\/asso-clan.net\/?product=adhesion-a-linter-cea\" \/>\n<meta property=\"og:site_name\" content=\"CLAN\" \/>\n<meta property=\"article:modified_time\" content=\"2025-06-20T07:02:00+00:00\" \/>\n<meta property=\"og:image\" content=\"https:\/\/asso-clan.net\/wp-content\/uploads\/2025\/02\/intercea.png\" \/>\n\t<meta property=\"og:image:width\" content=\"306\" \/>\n\t<meta property=\"og:image:height\" content=\"306\" \/>\n\t<meta property=\"og:image:type\" content=\"image\/png\" \/>\n<meta name=\"twitter:card\" content=\"summary_large_image\" \/>\n<meta name=\"twitter:label1\" content=\"Dur\u00e9e de lecture estim\u00e9e\" \/>\n\t<meta name=\"twitter:data1\" content=\"1 minute\" \/>\n<script type=\"application\/ld+json\" class=\"yoast-schema-graph\">{\"@context\":\"https:\/\/schema.org\",\"@graph\":[{\"@type\":\"WebPage\",\"@id\":\"https:\/\/asso-clan.net\/?product=adhesion-a-linter-cea\",\"url\":\"https:\/\/asso-clan.net\/?product=adhesion-a-linter-cea\",\"name\":\"Adh\u00e9sion \u00e0 l'Inter-CEA - CLAN\",\"isPartOf\":{\"@id\":\"http:\/\/asso-clan.net\/#website\"},\"primaryImageOfPage\":{\"@id\":\"https:\/\/asso-clan.net\/?product=adhesion-a-linter-cea#primaryimage\"},\"image\":{\"@id\":\"https:\/\/asso-clan.net\/?product=adhesion-a-linter-cea#primaryimage\"},\"thumbnailUrl\":\"https:\/\/asso-clan.net\/wp-content\/uploads\/2025\/02\/intercea.png\",\"datePublished\":\"2025-02-26T09:52:50+00:00\",\"dateModified\":\"2025-06-20T07:02:00+00:00\",\"breadcrumb\":{\"@id\":\"https:\/\/asso-clan.net\/?product=adhesion-a-linter-cea#breadcrumb\"},\"inLanguage\":\"fr-FR\",\"potentialAction\":[{\"@type\":\"ReadAction\",\"target\":[\"https:\/\/asso-clan.net\/?product=adhesion-a-linter-cea\"]}]},{\"@type\":\"ImageObject\",\"inLanguage\":\"fr-FR\",\"@id\":\"https:\/\/asso-clan.net\/?product=adhesion-a-linter-cea#primaryimage\",\"url\":\"https:\/\/asso-clan.net\/wp-content\/uploads\/2025\/02\/intercea.png\",\"contentUrl\":\"https:\/\/asso-clan.net\/wp-content\/uploads\/2025\/02\/intercea.png\",\"width\":306,\"height\":306},{\"@type\":\"BreadcrumbList\",\"@id\":\"https:\/\/asso-clan.net\/?product=adhesion-a-linter-cea#breadcrumb\",\"itemListElement\":[{\"@type\":\"ListItem\",\"position\":1,\"name\":\"Accueil\",\"item\":\"https:\/\/asso-clan.net\/\"},{\"@type\":\"ListItem\",\"position\":2,\"name\":\"Boutique\",\"item\":\"https:\/\/asso-clan.net\/?page_id=70\"},{\"@type\":\"ListItem\",\"position\":3,\"name\":\"Adh\u00e9sion \u00e0 l&rsquo;Inter-CEA\"}]},{\"@type\":\"WebSite\",\"@id\":\"http:\/\/asso-clan.net\/#website\",\"url\":\"http:\/\/asso-clan.net\/\",\"name\":\"CLAN\",\"description\":\"Culture et Loisirs Associatifs Nancy\",\"publisher\":{\"@id\":\"http:\/\/asso-clan.net\/#organization\"},\"potentialAction\":[{\"@type\":\"SearchAction\",\"target\":{\"@type\":\"EntryPoint\",\"urlTemplate\":\"http:\/\/asso-clan.net\/?s={search_term_string}\"},\"query-input\":{\"@type\":\"PropertyValueSpecification\",\"valueRequired\":true,\"valueName\":\"search_term_string\"}}],\"inLanguage\":\"fr-FR\"},{\"@type\":\"Organization\",\"@id\":\"http:\/\/asso-clan.net\/#organization\",\"name\":\"CLAN - Culture et Loisirs Associatifs Nancy\",\"url\":\"http:\/\/asso-clan.net\/\",\"logo\":{\"@type\":\"ImageObject\",\"inLanguage\":\"fr-FR\",\"@id\":\"http:\/\/asso-clan.net\/#\/schema\/logo\/image\/\",\"url\":\"https:\/\/asso-clan.net\/wp-content\/uploads\/2024\/12\/cropped-logo-vector.png\",\"contentUrl\":\"https:\/\/asso-clan.net\/wp-content\/uploads\/2024\/12\/cropped-logo-vector.png\",\"width\":1164,\"height\":387,\"caption\":\"CLAN - Culture et Loisirs Associatifs Nancy\"},\"image\":{\"@id\":\"http:\/\/asso-clan.net\/#\/schema\/logo\/image\/\"}}]}<\/script>\n<!-- \/ Yoast SEO plugin. -->","yoast_head_json":{"title":"Adh\u00e9sion \u00e0 l'Inter-CEA - CLAN","robots":{"index":"index","follow":"follow","max-snippet":"max-snippet:-1","max-image-preview":"max-image-preview:large","max-video-preview":"max-video-preview:-1"},"canonical":"https:\/\/asso-clan.net\/?product=adhesion-a-linter-cea","og_locale":"fr_FR","og_type":"article","og_title":"Adh\u00e9sion \u00e0 l'Inter-CEA - CLAN","og_description":"L\u2019adh\u00e9sion ouvre des droits du 28 f\u00e9vrier de l\u2019ann\u00e9e N jusqu\u2019au 28 f\u00e9vrier de l\u2019ann\u00e9e N+1.  Rendez-vous sur le site de l'Inter-CEA pour d\u00e9couvrir tous les avantages !","og_url":"https:\/\/asso-clan.net\/?product=adhesion-a-linter-cea","og_site_name":"CLAN","article_modified_time":"2025-06-20T07:02:00+00:00","og_image":[{"width":306,"height":306,"url":"https:\/\/asso-clan.net\/wp-content\/uploads\/2025\/02\/intercea.png","type":"image\/png"}],"twitter_card":"summary_large_image","twitter_misc":{"Dur\u00e9e de lecture estim\u00e9e":"1 minute"},"schema":{"@context":"https:\/\/schema.org","@graph":[{"@type":"WebPage","@id":"https:\/\/asso-clan.net\/?product=adhesion-a-linter-cea","url":"https:\/\/asso-clan.net\/?product=adhesion-a-linter-cea","name":"Adh\u00e9sion \u00e0 l'Inter-CEA - CLAN","isPartOf":{"@id":"http:\/\/asso-clan.net\/#website"},"primaryImageOfPage":{"@id":"https:\/\/asso-clan.net\/?product=adhesion-a-linter-cea#primaryimage"},"image":{"@id":"https:\/\/asso-clan.net\/?product=adhesion-a-linter-cea#primaryimage"},"thumbnailUrl":"https:\/\/asso-clan.net\/wp-content\/uploads\/2025\/02\/intercea.png","datePublished":"2025-02-26T09:52:50+00:00","dateModified":"2025-06-20T07:02:00+00:00","breadcrumb":{"@id":"https:\/\/asso-clan.net\/?product=adhesion-a-linter-cea#breadcrumb"},"inLanguage":"fr-FR","potentialAction":[{"@type":"ReadAction","target":["https:\/\/asso-clan.net\/?product=adhesion-a-linter-cea"]}]},{"@type":"ImageObject","inLanguage":"fr-FR","@id":"https:\/\/asso-clan.net\/?product=adhesion-a-linter-cea#primaryimage","url":"https:\/\/asso-clan.net\/wp-content\/uploads\/2025\/02\/intercea.png","contentUrl":"https:\/\/asso-clan.net\/wp-content\/uploads\/2025\/02\/intercea.png","width":306,"height":306},{"@type":"BreadcrumbList","@id":"https:\/\/asso-clan.net\/?product=adhesion-a-linter-cea#breadcrumb","itemListElement":[{"@type":"ListItem","position":1,"name":"Accueil","item":"https:\/\/asso-clan.net\/"},{"@type":"ListItem","position":2,"name":"Boutique","item":"https:\/\/asso-clan.net\/?page_id=70"},{"@type":"ListItem","position":3,"name":"Adh\u00e9sion \u00e0 l&rsquo;Inter-CEA"}]},{"@type":"WebSite","@id":"http:\/\/asso-clan.net\/#website","url":"http:\/\/asso-clan.net\/","name":"CLAN","description":"Culture et Loisirs Associatifs Nancy","publisher":{"@id":"http:\/\/asso-clan.net\/#organization"},"potentialAction":[{"@type":"SearchAction","target":{"@type":"EntryPoint","urlTemplate":"http:\/\/asso-clan.net\/?s={search_term_string}"},"query-input":{"@type":"PropertyValueSpecification","valueRequired":true,"valueName":"search_term_string"}}],"inLanguage":"fr-FR"},{"@type":"Organization","@id":"http:\/\/asso-clan.net\/#organization","name":"CLAN - Culture et Loisirs Associatifs Nancy","url":"http:\/\/asso-clan.net\/","logo":{"@type":"ImageObject","inLanguage":"fr-FR","@id":"http:\/\/asso-clan.net\/#\/schema\/logo\/image\/","url":"https:\/\/asso-clan.net\/wp-content\/uploads\/2024\/12\/cropped-logo-vector.png","contentUrl":"https:\/\/asso-clan.net\/wp-content\/uploads\/2024\/12\/cropped-logo-vector.png","width":1164,"height":387,"caption":"CLAN - Culture et Loisirs Associatifs Nancy"},"image":{"@id":"http:\/\/asso-clan.net\/#\/schema\/logo\/image\/"}}]}},"jetpack_publicize_connections":[],"uagb_featured_image_src":{"full":["https:\/\/asso-clan.net\/wp-content\/uploads\/2025\/02\/intercea.png",306,306,false],"thumbnail":["https:\/\/asso-clan.net\/wp-content\/uploads\/2025\/02\/intercea-150x150.png",150,150,true],"medium":["https:\/\/asso-clan.net\/wp-content\/uploads\/2025\/02\/intercea-300x300.png",300,300,true],"medium_large":["https:\/\/asso-clan.net\/wp-content\/uploads\/2025\/02\/intercea.png",306,306,false],"large":["https:\/\/asso-clan.net\/wp-content\/uploads\/2025\/02\/intercea.png",306,306,false],"1536x1536":["https:\/\/asso-clan.net\/wp-content\/uploads\/2025\/02\/intercea.png",306,306,false],"2048x2048":["https:\/\/asso-clan.net\/wp-content\/uploads\/2025\/02\/intercea.png",306,306,false],"wishsuite-image":["https:\/\/asso-clan.net\/wp-content\/uploads\/2025\/02\/intercea.png",80,80,false],"ever-compare-image":["https:\/\/asso-clan.net\/wp-content\/uploads\/2025\/02\/intercea.png",300,300,false],"mailpoet_newsletter_max":["https:\/\/asso-clan.net\/wp-content\/uploads\/2025\/02\/intercea.png",306,306,false],"woocommerce_thumbnail":["https:\/\/asso-clan.net\/wp-content\/uploads\/2025\/02\/intercea-300x300.png",300,300,true],"woocommerce_single":["https:\/\/asso-clan.net\/wp-content\/uploads\/2025\/02\/intercea.png",306,306,false],"woocommerce_gallery_thumbnail":["https:\/\/asso-clan.net\/wp-content\/uploads\/2025\/02\/intercea-100x100.png",100,100,true]},"uagb_author_info":{"display_name":"Charlotte","author_link":"https:\/\/asso-clan.net\/?author=0"},"uagb_comment_info":0,"uagb_excerpt":"L\u2019adh\u00e9sion ouvre des droits du 28 f\u00e9vrier de l\u2019ann\u00e9e N jusqu\u2019au 28 f\u00e9vrier de l\u2019ann\u00e9e N+1. Rendez-vous sur le site de l'Inter-CEA pour d\u00e9couvrir tous les avantages !","jetpack_sharing_enabled":true,"_links":{"self":[{"href":"https:\/\/asso-clan.net\/index.php?rest_route=\/wp\/v2\/product\/3349","targetHints":{"allow":["GET"]}}],"collection":[{"href":"https:\/\/asso-clan.net\/index.php?rest_route=\/wp\/v2\/product"}],"about":[{"href":"https:\/\/asso-clan.net\/index.php?rest_route=\/wp\/v2\/types\/product"}],"replies":[{"embeddable":true,"href":"https:\/\/asso-clan.net\/index.php?rest_route=%2Fwp%2Fv2%2Fcomments&post=3349"}],"version-history":[{"count":1,"href":"https:\/\/asso-clan.net\/index.php?rest_route=\/wp\/v2\/product\/3349\/revisions"}],"predecessor-version":[{"id":4725,"href":"https:\/\/asso-clan.net\/index.php?rest_route=\/wp\/v2\/product\/3349\/revisions\/4725"}],"wp:featuredmedia":[{"embeddable":true,"href":"https:\/\/asso-clan.net\/index.php?rest_route=\/wp\/v2\/media\/4724"}],"wp:attachment":[{"href":"https:\/\/asso-clan.net\/index.php?rest_route=%2Fwp%2Fv2%2Fmedia&parent=3349"}],"wp:term":[{"taxonomy":"product_brand","embeddable":true,"href":"https:\/\/asso-clan.net\/index.php?rest_route=%2Fwp%2Fv2%2Fproduct_brand&post=3349"},{"taxonomy":"product_cat","embeddable":true,"href":"https:\/\/asso-clan.net\/index.php?rest_route=%2Fwp%2Fv2%2Fproduct_cat&post=3349"},{"taxonomy":"product_tag","embeddable":true,"href":"https:\/\/asso-clan.net\/index.php?rest_route=%2Fwp%2Fv2%2Fproduct_tag&post=3349"}],"curies":[{"name":"wp","href":"https:\/\/api.w.org\/{rel}","templated":true}]}}