{"id":3345,"date":"2025-02-26T10:43:05","date_gmt":"2025-02-26T09:43:05","guid":{"rendered":"https:\/\/dev.asso-clan.net\/?post_type=product&#038;p=3345"},"modified":"2025-04-04T12:59:32","modified_gmt":"2025-04-04T10:59:32","slug":"adhesion-a-lassociation-clan","status":"publish","type":"product","link":"https:\/\/asso-clan.net\/?product=adhesion-a-lassociation-clan","title":{"rendered":"Adh\u00e9sion \u00e0 l&rsquo;association CLAN"},"content":{"rendered":"<p class=\"wp-block-heading\">Adh\u00e9rez au CLAN pour 15\u20ac\/an et profitez de tous les avantages adh\u00e9rents :<\/p>\n<ul class=\"wp-block-list\">\n<li>Participez \u00e0 des \u00e9v\u00e9nements et des sorties \u00e0 prix r\u00e9duits.<\/li>\n<\/ul>\n<ul class=\"wp-block-list\">\n<li>C\u2019est aussi la possibilit\u00e9 d\u2019acheter du mat\u00e9riel reconditionn\u00e9 pour offrir une seconde vie \u00e0 des ordinateurs, smartphones, \u00e9crans, tablettes, mat\u00e9riel informatique en tout genre \u00e0 haute performance, mobilier de bureau \u2026<\/li>\n<\/ul>\n<p>L\u2019adh\u00e9sion couvre une ann\u00e9e compl\u00e8te apr\u00e8s r\u00e9ception de votre cotisation.<\/p>\n","protected":false},"excerpt":{"rendered":"<p>Adh\u00e9rez au CLAN pour 15\u20ac\/an et profitez de tous les avantages adh\u00e9rents<\/p>\n","protected":false},"featured_media":3986,"comment_status":"open","ping_status":"closed","template":"","meta":{"_uag_custom_page_level_css":"","site-sidebar-layout":"default","site-content-layout":"","ast-site-content-layout":"default","site-content-style":"default","site-sidebar-style":"default","ast-global-header-display":"","ast-banner-title-visibility":"","ast-main-header-display":"","ast-hfb-above-header-display":"","ast-hfb-below-header-display":"","ast-hfb-mobile-header-display":"","site-post-title":"","ast-breadcrumbs-content":"","ast-featured-img":"","footer-sml-layout":"","theme-transparent-header-meta":"default","adv-header-id-meta":"","stick-header-meta":"","header-above-stick-meta":"","header-main-stick-meta":"","header-below-stick-meta":"","astra-migrate-meta-layouts":"set","ast-page-background-enabled":"default","ast-page-background-meta":{"desktop":{"background-color":"","background-image":"","background-repeat":"repeat","background-position":"center center","background-size":"auto","background-attachment":"scroll","background-type":"","background-media":"","overlay-type":"","overlay-color":"","overlay-opacity":"","overlay-gradient":""},"tablet":{"background-color":"","background-image":"","background-repeat":"repeat","background-position":"center center","background-size":"auto","background-attachment":"scroll","background-type":"","background-media":"","overlay-type":"","overlay-color":"","overlay-opacity":"","overlay-gradient":""},"mobile":{"background-color":"","background-image":"","background-repeat":"repeat","background-position":"center center","background-size":"auto","background-attachment":"scroll","background-type":"","background-media":"","overlay-type":"","overlay-color":"","overlay-opacity":"","overlay-gradient":""}},"ast-content-background-meta":{"desktop":{"background-color":"var(--ast-global-color-5)","background-image":"","background-repeat":"repeat","background-position":"center center","background-size":"auto","background-attachment":"scroll","background-type":"","background-media":"","overlay-type":"","overlay-color":"","overlay-opacity":"","overlay-gradient":""},"tablet":{"background-color":"var(--ast-global-color-5)","background-image":"","background-repeat":"repeat","background-position":"center center","background-size":"auto","background-attachment":"scroll","background-type":"","background-media":"","overlay-type":"","overlay-color":"","overlay-opacity":"","overlay-gradient":""},"mobile":{"background-color":"var(--ast-global-color-5)","background-image":"","background-repeat":"repeat","background-position":"center center","background-size":"auto","background-attachment":"scroll","background-type":"","background-media":"","overlay-type":"","overlay-color":"","overlay-opacity":"","overlay-gradient":""}},"jetpack_publicize_message":"","jetpack_publicize_feature_enabled":true,"jetpack_social_post_already_shared":true,"jetpack_social_options":{"image_generator_settings":{"template":"highway","default_image_id":0,"font":"","enabled":false},"version":2}},"product_brand":[],"product_cat":[74],"product_tag":[],"class_list":{"0":"post-3345","1":"product","2":"type-product","3":"status-publish","4":"has-post-thumbnail","6":"product_cat-adhesions","7":"desktop-align-left","8":"tablet-align-left","9":"mobile-align-left","11":"first","12":"instock","13":"virtual","14":"sold-individually","15":"purchasable","16":"product-type-simple"},"supplier_id":null,"supplier_sku":"","barcode":null,"atum_controlled":true,"out_stock_date":null,"out_stock_threshold":null,"inheritable":false,"inbound_stock":0,"stock_on_hold":2,"sold_today":1,"sales_last_days":5,"reserved_stock":0,"customer_returns":0,"warehouse_damage":0,"lost_in_post":0,"other_logs":0,"out_stock_days":0,"lost_sales":0,"has_location":false,"update_date":"2026-04-28T14:57:24","atum_locations":[],"atum_stock_status":"instock","restock_status":false,"low_stock_amount":"","sales_update_date":"2026-04-28T14:57:24","calc_backorders":null,"yoast_head":"<!-- This site is optimized with the Yoast SEO plugin v25.1 - https:\/\/yoast.com\/wordpress\/plugins\/seo\/ -->\n<title>Adh\u00e9sion \u00e0 l&#039;association CLAN - CLAN<\/title>\n<meta name=\"robots\" content=\"index, follow, max-snippet:-1, max-image-preview:large, max-video-preview:-1\" \/>\n<link rel=\"canonical\" href=\"https:\/\/asso-clan.net\/?product=adhesion-a-lassociation-clan\" \/>\n<meta property=\"og:locale\" content=\"fr_FR\" \/>\n<meta property=\"og:type\" content=\"article\" \/>\n<meta property=\"og:title\" content=\"Adh\u00e9sion \u00e0 l&#039;association CLAN - CLAN\" \/>\n<meta property=\"og:description\" content=\"Adh\u00e9rez au CLAN pour 15\u20ac\/an et profitez de tous les avantages adh\u00e9rents\" \/>\n<meta property=\"og:url\" content=\"https:\/\/asso-clan.net\/?product=adhesion-a-lassociation-clan\" \/>\n<meta property=\"og:site_name\" content=\"CLAN\" \/>\n<meta property=\"article:modified_time\" content=\"2025-04-04T10:59:32+00:00\" \/>\n<meta property=\"og:image\" content=\"https:\/\/asso-clan.net\/wp-content\/uploads\/2025\/02\/logo-Adhesion.png\" \/>\n\t<meta property=\"og:image:width\" content=\"386\" \/>\n\t<meta property=\"og:image:height\" content=\"294\" \/>\n\t<meta property=\"og:image:type\" content=\"image\/png\" \/>\n<meta name=\"twitter:card\" content=\"summary_large_image\" \/>\n<script type=\"application\/ld+json\" class=\"yoast-schema-graph\">{\"@context\":\"https:\/\/schema.org\",\"@graph\":[{\"@type\":\"WebPage\",\"@id\":\"https:\/\/asso-clan.net\/?product=adhesion-a-lassociation-clan\",\"url\":\"https:\/\/asso-clan.net\/?product=adhesion-a-lassociation-clan\",\"name\":\"Adh\u00e9sion \u00e0 l'association CLAN - CLAN\",\"isPartOf\":{\"@id\":\"http:\/\/asso-clan.net\/#website\"},\"primaryImageOfPage\":{\"@id\":\"https:\/\/asso-clan.net\/?product=adhesion-a-lassociation-clan#primaryimage\"},\"image\":{\"@id\":\"https:\/\/asso-clan.net\/?product=adhesion-a-lassociation-clan#primaryimage\"},\"thumbnailUrl\":\"https:\/\/asso-clan.net\/wp-content\/uploads\/2025\/02\/logo-Adhesion.png\",\"datePublished\":\"2025-02-26T09:43:05+00:00\",\"dateModified\":\"2025-04-04T10:59:32+00:00\",\"breadcrumb\":{\"@id\":\"https:\/\/asso-clan.net\/?product=adhesion-a-lassociation-clan#breadcrumb\"},\"inLanguage\":\"fr-FR\",\"potentialAction\":[{\"@type\":\"ReadAction\",\"target\":[\"https:\/\/asso-clan.net\/?product=adhesion-a-lassociation-clan\"]}]},{\"@type\":\"ImageObject\",\"inLanguage\":\"fr-FR\",\"@id\":\"https:\/\/asso-clan.net\/?product=adhesion-a-lassociation-clan#primaryimage\",\"url\":\"https:\/\/asso-clan.net\/wp-content\/uploads\/2025\/02\/logo-Adhesion.png\",\"contentUrl\":\"https:\/\/asso-clan.net\/wp-content\/uploads\/2025\/02\/logo-Adhesion.png\",\"width\":386,\"height\":294},{\"@type\":\"BreadcrumbList\",\"@id\":\"https:\/\/asso-clan.net\/?product=adhesion-a-lassociation-clan#breadcrumb\",\"itemListElement\":[{\"@type\":\"ListItem\",\"position\":1,\"name\":\"Accueil\",\"item\":\"https:\/\/asso-clan.net\/\"},{\"@type\":\"ListItem\",\"position\":2,\"name\":\"Boutique\",\"item\":\"https:\/\/asso-clan.net\/?page_id=70\"},{\"@type\":\"ListItem\",\"position\":3,\"name\":\"Adh\u00e9sion \u00e0 l&rsquo;association CLAN\"}]},{\"@type\":\"WebSite\",\"@id\":\"http:\/\/asso-clan.net\/#website\",\"url\":\"http:\/\/asso-clan.net\/\",\"name\":\"CLAN\",\"description\":\"Culture et Loisirs Associatifs Nancy\",\"publisher\":{\"@id\":\"http:\/\/asso-clan.net\/#organization\"},\"potentialAction\":[{\"@type\":\"SearchAction\",\"target\":{\"@type\":\"EntryPoint\",\"urlTemplate\":\"http:\/\/asso-clan.net\/?s={search_term_string}\"},\"query-input\":{\"@type\":\"PropertyValueSpecification\",\"valueRequired\":true,\"valueName\":\"search_term_string\"}}],\"inLanguage\":\"fr-FR\"},{\"@type\":\"Organization\",\"@id\":\"http:\/\/asso-clan.net\/#organization\",\"name\":\"CLAN - Culture et Loisirs Associatifs Nancy\",\"url\":\"http:\/\/asso-clan.net\/\",\"logo\":{\"@type\":\"ImageObject\",\"inLanguage\":\"fr-FR\",\"@id\":\"http:\/\/asso-clan.net\/#\/schema\/logo\/image\/\",\"url\":\"https:\/\/asso-clan.net\/wp-content\/uploads\/2024\/12\/cropped-logo-vector.png\",\"contentUrl\":\"https:\/\/asso-clan.net\/wp-content\/uploads\/2024\/12\/cropped-logo-vector.png\",\"width\":1164,\"height\":387,\"caption\":\"CLAN - Culture et Loisirs Associatifs Nancy\"},\"image\":{\"@id\":\"http:\/\/asso-clan.net\/#\/schema\/logo\/image\/\"}}]}<\/script>\n<!-- \/ Yoast SEO plugin. -->","yoast_head_json":{"title":"Adh\u00e9sion \u00e0 l'association CLAN - CLAN","robots":{"index":"index","follow":"follow","max-snippet":"max-snippet:-1","max-image-preview":"max-image-preview:large","max-video-preview":"max-video-preview:-1"},"canonical":"https:\/\/asso-clan.net\/?product=adhesion-a-lassociation-clan","og_locale":"fr_FR","og_type":"article","og_title":"Adh\u00e9sion \u00e0 l'association CLAN - CLAN","og_description":"Adh\u00e9rez au CLAN pour 15\u20ac\/an et profitez de tous les avantages adh\u00e9rents","og_url":"https:\/\/asso-clan.net\/?product=adhesion-a-lassociation-clan","og_site_name":"CLAN","article_modified_time":"2025-04-04T10:59:32+00:00","og_image":[{"width":386,"height":294,"url":"https:\/\/asso-clan.net\/wp-content\/uploads\/2025\/02\/logo-Adhesion.png","type":"image\/png"}],"twitter_card":"summary_large_image","schema":{"@context":"https:\/\/schema.org","@graph":[{"@type":"WebPage","@id":"https:\/\/asso-clan.net\/?product=adhesion-a-lassociation-clan","url":"https:\/\/asso-clan.net\/?product=adhesion-a-lassociation-clan","name":"Adh\u00e9sion \u00e0 l'association CLAN - CLAN","isPartOf":{"@id":"http:\/\/asso-clan.net\/#website"},"primaryImageOfPage":{"@id":"https:\/\/asso-clan.net\/?product=adhesion-a-lassociation-clan#primaryimage"},"image":{"@id":"https:\/\/asso-clan.net\/?product=adhesion-a-lassociation-clan#primaryimage"},"thumbnailUrl":"https:\/\/asso-clan.net\/wp-content\/uploads\/2025\/02\/logo-Adhesion.png","datePublished":"2025-02-26T09:43:05+00:00","dateModified":"2025-04-04T10:59:32+00:00","breadcrumb":{"@id":"https:\/\/asso-clan.net\/?product=adhesion-a-lassociation-clan#breadcrumb"},"inLanguage":"fr-FR","potentialAction":[{"@type":"ReadAction","target":["https:\/\/asso-clan.net\/?product=adhesion-a-lassociation-clan"]}]},{"@type":"ImageObject","inLanguage":"fr-FR","@id":"https:\/\/asso-clan.net\/?product=adhesion-a-lassociation-clan#primaryimage","url":"https:\/\/asso-clan.net\/wp-content\/uploads\/2025\/02\/logo-Adhesion.png","contentUrl":"https:\/\/asso-clan.net\/wp-content\/uploads\/2025\/02\/logo-Adhesion.png","width":386,"height":294},{"@type":"BreadcrumbList","@id":"https:\/\/asso-clan.net\/?product=adhesion-a-lassociation-clan#breadcrumb","itemListElement":[{"@type":"ListItem","position":1,"name":"Accueil","item":"https:\/\/asso-clan.net\/"},{"@type":"ListItem","position":2,"name":"Boutique","item":"https:\/\/asso-clan.net\/?page_id=70"},{"@type":"ListItem","position":3,"name":"Adh\u00e9sion \u00e0 l&rsquo;association CLAN"}]},{"@type":"WebSite","@id":"http:\/\/asso-clan.net\/#website","url":"http:\/\/asso-clan.net\/","name":"CLAN","description":"Culture et Loisirs Associatifs Nancy","publisher":{"@id":"http:\/\/asso-clan.net\/#organization"},"potentialAction":[{"@type":"SearchAction","target":{"@type":"EntryPoint","urlTemplate":"http:\/\/asso-clan.net\/?s={search_term_string}"},"query-input":{"@type":"PropertyValueSpecification","valueRequired":true,"valueName":"search_term_string"}}],"inLanguage":"fr-FR"},{"@type":"Organization","@id":"http:\/\/asso-clan.net\/#organization","name":"CLAN - Culture et Loisirs Associatifs Nancy","url":"http:\/\/asso-clan.net\/","logo":{"@type":"ImageObject","inLanguage":"fr-FR","@id":"http:\/\/asso-clan.net\/#\/schema\/logo\/image\/","url":"https:\/\/asso-clan.net\/wp-content\/uploads\/2024\/12\/cropped-logo-vector.png","contentUrl":"https:\/\/asso-clan.net\/wp-content\/uploads\/2024\/12\/cropped-logo-vector.png","width":1164,"height":387,"caption":"CLAN - Culture et Loisirs Associatifs Nancy"},"image":{"@id":"http:\/\/asso-clan.net\/#\/schema\/logo\/image\/"}}]}},"jetpack_publicize_connections":[],"uagb_featured_image_src":{"full":["https:\/\/asso-clan.net\/wp-content\/uploads\/2025\/02\/logo-Adhesion.png",386,294,false],"thumbnail":["https:\/\/asso-clan.net\/wp-content\/uploads\/2025\/02\/logo-Adhesion-150x150.png",150,150,true],"medium":["https:\/\/asso-clan.net\/wp-content\/uploads\/2025\/02\/logo-Adhesion-300x228.png",300,228,true],"medium_large":["https:\/\/asso-clan.net\/wp-content\/uploads\/2025\/02\/logo-Adhesion.png",386,294,false],"large":["https:\/\/asso-clan.net\/wp-content\/uploads\/2025\/02\/logo-Adhesion.png",386,294,false],"1536x1536":["https:\/\/asso-clan.net\/wp-content\/uploads\/2025\/02\/logo-Adhesion.png",386,294,false],"2048x2048":["https:\/\/asso-clan.net\/wp-content\/uploads\/2025\/02\/logo-Adhesion.png",386,294,false],"wishsuite-image":["https:\/\/asso-clan.net\/wp-content\/uploads\/2025\/02\/logo-Adhesion.png",80,61,false],"ever-compare-image":["https:\/\/asso-clan.net\/wp-content\/uploads\/2025\/02\/logo-Adhesion.png",300,228,false],"mailpoet_newsletter_max":["https:\/\/asso-clan.net\/wp-content\/uploads\/2025\/02\/logo-Adhesion.png",386,294,false],"woocommerce_thumbnail":["https:\/\/asso-clan.net\/wp-content\/uploads\/2025\/02\/logo-Adhesion-300x228.png",300,228,true],"woocommerce_single":["https:\/\/asso-clan.net\/wp-content\/uploads\/2025\/02\/logo-Adhesion.png",386,294,false],"woocommerce_gallery_thumbnail":["https:\/\/asso-clan.net\/wp-content\/uploads\/2025\/02\/logo-Adhesion-100x100.png",100,100,true]},"uagb_author_info":{"display_name":"Charlotte","author_link":"https:\/\/asso-clan.net\/?author=0"},"uagb_comment_info":1,"uagb_excerpt":"Adh\u00e9rez au CLAN pour 15\u20ac\/an et profitez de tous les avantages adh\u00e9rents","jetpack_sharing_enabled":true,"_links":{"self":[{"href":"https:\/\/asso-clan.net\/index.php?rest_route=\/wp\/v2\/product\/3345","targetHints":{"allow":["GET"]}}],"collection":[{"href":"https:\/\/asso-clan.net\/index.php?rest_route=\/wp\/v2\/product"}],"about":[{"href":"https:\/\/asso-clan.net\/index.php?rest_route=\/wp\/v2\/types\/product"}],"replies":[{"embeddable":true,"href":"https:\/\/asso-clan.net\/index.php?rest_route=%2Fwp%2Fv2%2Fcomments&post=3345"}],"version-history":[{"count":0,"href":"https:\/\/asso-clan.net\/index.php?rest_route=\/wp\/v2\/product\/3345\/revisions"}],"wp:featuredmedia":[{"embeddable":true,"href":"https:\/\/asso-clan.net\/index.php?rest_route=\/wp\/v2\/media\/3986"}],"wp:attachment":[{"href":"https:\/\/asso-clan.net\/index.php?rest_route=%2Fwp%2Fv2%2Fmedia&parent=3345"}],"wp:term":[{"taxonomy":"product_brand","embeddable":true,"href":"https:\/\/asso-clan.net\/index.php?rest_route=%2Fwp%2Fv2%2Fproduct_brand&post=3345"},{"taxonomy":"product_cat","embeddable":true,"href":"https:\/\/asso-clan.net\/index.php?rest_route=%2Fwp%2Fv2%2Fproduct_cat&post=3345"},{"taxonomy":"product_tag","embeddable":true,"href":"https:\/\/asso-clan.net\/index.php?rest_route=%2Fwp%2Fv2%2Fproduct_tag&post=3345"}],"curies":[{"name":"wp","href":"https:\/\/api.w.org\/{rel}","templated":true}]}}