{"id":3232,"date":"2025-02-12T18:56:30","date_gmt":"2025-02-12T17:56:30","guid":{"rendered":"https:\/\/dev.asso-clan.net\/?page_id=3232"},"modified":"2025-03-05T16:08:21","modified_gmt":"2025-03-05T15:08:21","slug":"mentions-legales","status":"publish","type":"page","link":"https:\/\/asso-clan.net\/?page_id=3232","title":{"rendered":"Mentions l\u00e9gales"},"content":{"rendered":"\n<p><strong>MENTIONS L\u00c9GALES<\/strong><\/p>\n\n\n\n<p>Merci de lire avec attention les diff\u00e9rentes modalit\u00e9s d\u2019utilisation du pr\u00e9sent site avant d\u2019y parcourir ses pages. En vous connectant sur ce site, vous acceptez sans r\u00e9serve les pr\u00e9sentes modalit\u00e9s. Aussi, conform\u00e9ment \u00e0 l\u2019article n\u00b06 de la Loi n\u00b02004-575 du 21 Juin 2004 pour la confiance dans l\u2019\u00e9conomie num\u00e9rique, les responsables du pr\u00e9sent site internet&nbsp;sont :<\/p>\n\n\n\n<h2 class=\"wp-block-heading\">1.&nbsp; \u00c9diteur du site<\/h2>\n\n\n\n<p>L&rsquo;association C.L.A.N. (CULTURE ET LOISIRS ASSOCIATIFS NANCY), r\u00e9gie par la loi du 1er juillet 1901, dont le si\u00e8ge social est situ\u00e9 au 36 rue des jardins fleuris 54136 BOUXIERES-AUX-DAMES, d\u00e9clar\u00e9e aupr\u00e8s de la pr\u00e9fecture de NANCY sous le num\u00e9ro W543015822.<\/p>\n\n\n\n<p>Email : <a href=\"mailto:contact@asso-clan.net\"><strong>contact@asso-clan.net<\/strong><\/a><strong><\/strong><\/p>\n\n\n\n<p>T\u00e9l\u00e9phone : 0609446842<\/p>\n\n\n\n<p>Directeur de la publication : <strong>Rolland CLEMENT<\/strong><\/p>\n\n\n\n<h2 class=\"wp-block-heading\">2.&nbsp; H\u00e9bergement du site<\/h2>\n\n\n\n<p>Le site est h\u00e9berg\u00e9 par : <a>OVHCloud.com<\/a><a href=\"#_msocom_1\">[CC1]<\/a>\u00a0<br>Coordonn\u00e9es de l&rsquo;h\u00e9bergeur : <br><br>Adresse : <a href=\"https:\/\/www.google.com\/maps\/place\/data=!4m2!3m1!1s0x47c329321f8efbd5:0xb9abd6815a1c6e06?sa=X&amp;ved=1t:8290&amp;ictx=111\">2 Rue Kellermann, 59100 Roubaix<\/a> <br><br>T\u00e9l\u00e9phone : <a href=\"https:\/\/www.google.com\/search?client=firefox-b-e&amp;channel=entpr&amp;q=ovh+roubaix\">09 72 10 10 07<\/a><\/p>\n\n\n\n<h2 class=\"wp-block-heading\">3.&nbsp; Objet du site<\/h2>\n\n\n\n<p>Le site internet a pour objet de :<\/p>\n\n\n\n<ul class=\"wp-block-list\">\n<li>Pr\u00e9senter l&rsquo;association et ses activit\u00e9s<ul><li>Vendre du mat\u00e9riel informatique aux adherents<\/li><\/ul><ul><li>Organiser et promouvoir des \u00e9v\u00e9nements<\/li><\/ul>\n<ul class=\"wp-block-list\">\n<li>Informer les visiteurs sur les actualit\u00e9s et projets de l\u2019association<\/li>\n<\/ul>\n<\/li>\n<\/ul>\n\n\n\n<h2 class=\"wp-block-heading\">4.&nbsp; Propri\u00e9t\u00e9 intellectuelle<\/h2>\n\n\n\n<p>L\u2019ensemble du contenu du site (textes, images, logos, vid\u00e9os, etc.) est la propri\u00e9t\u00e9 exclusive de C.L.A.N. (CULTURE ET LOISIRS ASSOCIATIFS NANCY) ou fait l\u2019objet d\u2019une<\/p>\n\n\n\n<p>autorisation d\u2019utilisation. Toute reproduction, distribution ou utilisation sans autorisation pr\u00e9alable est interdite.<\/p>\n\n\n\n<p>Cf. Conditions g\u00e9n\u00e9rales d\u2019utilisation<\/p>\n\n\n\n<h2 class=\"wp-block-heading\">5.&nbsp; Protection des donn\u00e9es personnelles<\/h2>\n\n\n\n<p>L&rsquo;association s&rsquo;engage \u00e0 respecter la r\u00e9glementation en vigueur relative \u00e0 la protection des donn\u00e9es personnelles, notamment le R\u00e8glement G\u00e9n\u00e9ral sur la Protection des Donn\u00e9es (RGPD). Les informations collect\u00e9es via le site sont utilis\u00e9es uniquement dans le cadre des activit\u00e9s de l\u2019association.<\/p>\n\n\n\n<p>Conform\u00e9ment \u00e0 la loi Informatique et Libert\u00e9s du 6 janvier 1978 modifi\u00e9e et au RGPD, vous disposez d\u2019un droit d\u2019acc\u00e8s, de rectification, de suppression et d\u2019opposition concernant vos donn\u00e9es personnelles. Pour exercer ces droits, contactez-nous \u00e0 <a href=\"mailto:contact@asso-clan.net\"><strong>contact@asso-clan.net<\/strong><\/a><\/p>\n\n\n\n<p>Cf. <a href=\"https:\/\/dev.asso-clan.net\/politique-de-confidentialite-2\/\">Politique de confidentialit\u00e9<\/a><\/p>\n\n\n\n<h2 class=\"wp-block-heading\">6.&nbsp; Responsabilit\u00e9<\/h2>\n\n\n\n<p>L&rsquo;association ne peut \u00eatre tenue responsable des dommages directs ou indirects r\u00e9sultant de l\u2019utilisation du site, notamment en cas de dysfonctionnement, d\u2019interruption ou d\u2019erreurs techniques.<\/p>\n\n\n\n<p>Cf . <a href=\"https:\/\/dev.asso-clan.net\/conditions-generales-de-vente-cgv\/\">Conditions g\u00e9n\u00e9rales de vente<\/a><\/p>\n\n\n\n<h2 class=\"wp-block-heading\">7.&nbsp; Liens externes<\/h2>\n\n\n\n<p>Le site peut contenir des liens vers des sites tiers. L&rsquo;association ne saurait \u00eatre tenue responsable du contenu de ces sites externes ni des \u00e9ventuelles cons\u00e9quences de leur utilisation.<\/p>\n\n\n\n<h2 class=\"wp-block-heading\">8.&nbsp; Cookies<\/h2>\n\n\n\n<p>Le site utilise des cookies pour am\u00e9liorer l\u2019exp\u00e9rience utilisateur. Vous pouvez configurer votre navigateur pour refuser l\u2019enregistrement des cookies.<\/p>\n\n\n\n<h2 class=\"wp-block-heading\">9.&nbsp; Droit applicable<\/h2>\n\n\n\n<p>Les pr\u00e9sentes mentions l\u00e9gales sont r\u00e9gies par le droit fran\u00e7ais. En cas de litige, les tribunaux comp\u00e9tents seront ceux du ressort du si\u00e8ge social de l&rsquo;association.<\/p>\n\n\n\n<p><em>Derni\u00e8re mise \u00e0 jour 04\/02\/2025<\/em><\/p>\n\n\n\n<hr class=\"wp-block-separator has-alpha-channel-opacity\"\/>\n\n\n\n<p><a id=\"_msocom_1\"><\/a><\/p>\n\n\n\n<p>&nbsp;<\/p>\n","protected":false},"excerpt":{"rendered":"<p>MENTIONS L\u00c9GALES Merci de lire avec attention les diff\u00e9rentes modalit\u00e9s d\u2019utilisation du pr\u00e9sent site avant d\u2019y parcourir ses pages. En vous connectant sur ce site, vous acceptez sans r\u00e9serve les pr\u00e9sentes modalit\u00e9s. Aussi, conform\u00e9ment \u00e0 l\u2019article n\u00b06 de la Loi n\u00b02004-575 du 21 Juin 2004 pour la confiance dans l\u2019\u00e9conomie num\u00e9rique, les responsables du pr\u00e9sent [&hellip;]<\/p>\n","protected":false},"author":2,"featured_media":0,"parent":0,"menu_order":0,"comment_status":"closed","ping_status":"closed","template":"","meta":{"_uag_custom_page_level_css":"","site-sidebar-layout":"default","site-content-layout":"","ast-site-content-layout":"default","site-content-style":"default","site-sidebar-style":"default","ast-global-header-display":"","ast-banner-title-visibility":"","ast-main-header-display":"","ast-hfb-above-header-display":"","ast-hfb-below-header-display":"","ast-hfb-mobile-header-display":"","site-post-title":"","ast-breadcrumbs-content":"","ast-featured-img":"","footer-sml-layout":"","theme-transparent-header-meta":"","adv-header-id-meta":"","stick-header-meta":"","header-above-stick-meta":"","header-main-stick-meta":"","header-below-stick-meta":"","astra-migrate-meta-layouts":"set","ast-page-background-enabled":"default","ast-page-background-meta":{"desktop":{"background-color":"","background-image":"","background-repeat":"repeat","background-position":"center center","background-size":"auto","background-attachment":"scroll","background-type":"","background-media":"","overlay-type":"","overlay-color":"","overlay-opacity":"","overlay-gradient":""},"tablet":{"background-color":"","background-image":"","background-repeat":"repeat","background-position":"center center","background-size":"auto","background-attachment":"scroll","background-type":"","background-media":"","overlay-type":"","overlay-color":"","overlay-opacity":"","overlay-gradient":""},"mobile":{"background-color":"","background-image":"","background-repeat":"repeat","background-position":"center center","background-size":"auto","background-attachment":"scroll","background-type":"","background-media":"","overlay-type":"","overlay-color":"","overlay-opacity":"","overlay-gradient":""}},"ast-content-background-meta":{"desktop":{"background-color":"var(--ast-global-color-5)","background-image":"","background-repeat":"repeat","background-position":"center center","background-size":"auto","background-attachment":"scroll","background-type":"","background-media":"","overlay-type":"","overlay-color":"","overlay-opacity":"","overlay-gradient":""},"tablet":{"background-color":"var(--ast-global-color-5)","background-image":"","background-repeat":"repeat","background-position":"center center","background-size":"auto","background-attachment":"scroll","background-type":"","background-media":"","overlay-type":"","overlay-color":"","overlay-opacity":"","overlay-gradient":""},"mobile":{"background-color":"var(--ast-global-color-5)","background-image":"","background-repeat":"repeat","background-position":"center center","background-size":"auto","background-attachment":"scroll","background-type":"","background-media":"","overlay-type":"","overlay-color":"","overlay-opacity":"","overlay-gradient":""}},"footnotes":""},"class_list":["post-3232","page","type-page","status-publish","hentry"],"yoast_head":"<!-- This site is optimized with the Yoast SEO plugin v25.1 - https:\/\/yoast.com\/wordpress\/plugins\/seo\/ -->\n<title>Mentions l\u00e9gales - CLAN<\/title>\n<meta name=\"robots\" content=\"index, follow, max-snippet:-1, max-image-preview:large, max-video-preview:-1\" \/>\n<link rel=\"canonical\" href=\"https:\/\/asso-clan.net\/?page_id=3232\" \/>\n<meta property=\"og:locale\" content=\"fr_FR\" \/>\n<meta property=\"og:type\" content=\"article\" \/>\n<meta property=\"og:title\" content=\"Mentions l\u00e9gales - CLAN\" \/>\n<meta property=\"og:description\" content=\"MENTIONS L\u00c9GALES Merci de lire avec attention les diff\u00e9rentes modalit\u00e9s d\u2019utilisation du pr\u00e9sent site avant d\u2019y parcourir ses pages. En vous connectant sur ce site, vous acceptez sans r\u00e9serve les pr\u00e9sentes modalit\u00e9s. Aussi, conform\u00e9ment \u00e0 l\u2019article n\u00b06 de la Loi n\u00b02004-575 du 21 Juin 2004 pour la confiance dans l\u2019\u00e9conomie num\u00e9rique, les responsables du pr\u00e9sent [&hellip;]\" \/>\n<meta property=\"og:url\" content=\"https:\/\/asso-clan.net\/?page_id=3232\" \/>\n<meta property=\"og:site_name\" content=\"CLAN\" \/>\n<meta property=\"article:modified_time\" content=\"2025-03-05T15:08:21+00:00\" \/>\n<meta name=\"twitter:card\" content=\"summary_large_image\" \/>\n<meta name=\"twitter:label1\" content=\"Dur\u00e9e de lecture estim\u00e9e\" \/>\n\t<meta name=\"twitter:data1\" content=\"2 minutes\" \/>\n<script type=\"application\/ld+json\" class=\"yoast-schema-graph\">{\"@context\":\"https:\/\/schema.org\",\"@graph\":[{\"@type\":\"WebPage\",\"@id\":\"https:\/\/asso-clan.net\/?page_id=3232\",\"url\":\"https:\/\/asso-clan.net\/?page_id=3232\",\"name\":\"Mentions l\u00e9gales - CLAN\",\"isPartOf\":{\"@id\":\"http:\/\/asso-clan.net\/#website\"},\"datePublished\":\"2025-02-12T17:56:30+00:00\",\"dateModified\":\"2025-03-05T15:08:21+00:00\",\"breadcrumb\":{\"@id\":\"https:\/\/asso-clan.net\/?page_id=3232#breadcrumb\"},\"inLanguage\":\"fr-FR\",\"potentialAction\":[{\"@type\":\"ReadAction\",\"target\":[\"https:\/\/asso-clan.net\/?page_id=3232\"]}]},{\"@type\":\"BreadcrumbList\",\"@id\":\"https:\/\/asso-clan.net\/?page_id=3232#breadcrumb\",\"itemListElement\":[{\"@type\":\"ListItem\",\"position\":1,\"name\":\"Accueil\",\"item\":\"https:\/\/asso-clan.net\/\"},{\"@type\":\"ListItem\",\"position\":2,\"name\":\"Mentions l\u00e9gales\"}]},{\"@type\":\"WebSite\",\"@id\":\"http:\/\/asso-clan.net\/#website\",\"url\":\"http:\/\/asso-clan.net\/\",\"name\":\"CLAN\",\"description\":\"Culture et Loisirs Associatifs Nancy\",\"publisher\":{\"@id\":\"http:\/\/asso-clan.net\/#organization\"},\"potentialAction\":[{\"@type\":\"SearchAction\",\"target\":{\"@type\":\"EntryPoint\",\"urlTemplate\":\"http:\/\/asso-clan.net\/?s={search_term_string}\"},\"query-input\":{\"@type\":\"PropertyValueSpecification\",\"valueRequired\":true,\"valueName\":\"search_term_string\"}}],\"inLanguage\":\"fr-FR\"},{\"@type\":\"Organization\",\"@id\":\"http:\/\/asso-clan.net\/#organization\",\"name\":\"CLAN - Culture et Loisirs Associatifs Nancy\",\"url\":\"http:\/\/asso-clan.net\/\",\"logo\":{\"@type\":\"ImageObject\",\"inLanguage\":\"fr-FR\",\"@id\":\"http:\/\/asso-clan.net\/#\/schema\/logo\/image\/\",\"url\":\"https:\/\/asso-clan.net\/wp-content\/uploads\/2024\/12\/cropped-logo-vector.png\",\"contentUrl\":\"https:\/\/asso-clan.net\/wp-content\/uploads\/2024\/12\/cropped-logo-vector.png\",\"width\":1164,\"height\":387,\"caption\":\"CLAN - Culture et Loisirs Associatifs Nancy\"},\"image\":{\"@id\":\"http:\/\/asso-clan.net\/#\/schema\/logo\/image\/\"}}]}<\/script>\n<!-- \/ Yoast SEO plugin. -->","yoast_head_json":{"title":"Mentions l\u00e9gales - CLAN","robots":{"index":"index","follow":"follow","max-snippet":"max-snippet:-1","max-image-preview":"max-image-preview:large","max-video-preview":"max-video-preview:-1"},"canonical":"https:\/\/asso-clan.net\/?page_id=3232","og_locale":"fr_FR","og_type":"article","og_title":"Mentions l\u00e9gales - CLAN","og_description":"MENTIONS L\u00c9GALES Merci de lire avec attention les diff\u00e9rentes modalit\u00e9s d\u2019utilisation du pr\u00e9sent site avant d\u2019y parcourir ses pages. En vous connectant sur ce site, vous acceptez sans r\u00e9serve les pr\u00e9sentes modalit\u00e9s. Aussi, conform\u00e9ment \u00e0 l\u2019article n\u00b06 de la Loi n\u00b02004-575 du 21 Juin 2004 pour la confiance dans l\u2019\u00e9conomie num\u00e9rique, les responsables du pr\u00e9sent [&hellip;]","og_url":"https:\/\/asso-clan.net\/?page_id=3232","og_site_name":"CLAN","article_modified_time":"2025-03-05T15:08:21+00:00","twitter_card":"summary_large_image","twitter_misc":{"Dur\u00e9e de lecture estim\u00e9e":"2 minutes"},"schema":{"@context":"https:\/\/schema.org","@graph":[{"@type":"WebPage","@id":"https:\/\/asso-clan.net\/?page_id=3232","url":"https:\/\/asso-clan.net\/?page_id=3232","name":"Mentions l\u00e9gales - CLAN","isPartOf":{"@id":"http:\/\/asso-clan.net\/#website"},"datePublished":"2025-02-12T17:56:30+00:00","dateModified":"2025-03-05T15:08:21+00:00","breadcrumb":{"@id":"https:\/\/asso-clan.net\/?page_id=3232#breadcrumb"},"inLanguage":"fr-FR","potentialAction":[{"@type":"ReadAction","target":["https:\/\/asso-clan.net\/?page_id=3232"]}]},{"@type":"BreadcrumbList","@id":"https:\/\/asso-clan.net\/?page_id=3232#breadcrumb","itemListElement":[{"@type":"ListItem","position":1,"name":"Accueil","item":"https:\/\/asso-clan.net\/"},{"@type":"ListItem","position":2,"name":"Mentions l\u00e9gales"}]},{"@type":"WebSite","@id":"http:\/\/asso-clan.net\/#website","url":"http:\/\/asso-clan.net\/","name":"CLAN","description":"Culture et Loisirs Associatifs Nancy","publisher":{"@id":"http:\/\/asso-clan.net\/#organization"},"potentialAction":[{"@type":"SearchAction","target":{"@type":"EntryPoint","urlTemplate":"http:\/\/asso-clan.net\/?s={search_term_string}"},"query-input":{"@type":"PropertyValueSpecification","valueRequired":true,"valueName":"search_term_string"}}],"inLanguage":"fr-FR"},{"@type":"Organization","@id":"http:\/\/asso-clan.net\/#organization","name":"CLAN - Culture et Loisirs Associatifs Nancy","url":"http:\/\/asso-clan.net\/","logo":{"@type":"ImageObject","inLanguage":"fr-FR","@id":"http:\/\/asso-clan.net\/#\/schema\/logo\/image\/","url":"https:\/\/asso-clan.net\/wp-content\/uploads\/2024\/12\/cropped-logo-vector.png","contentUrl":"https:\/\/asso-clan.net\/wp-content\/uploads\/2024\/12\/cropped-logo-vector.png","width":1164,"height":387,"caption":"CLAN - Culture et Loisirs Associatifs Nancy"},"image":{"@id":"http:\/\/asso-clan.net\/#\/schema\/logo\/image\/"}}]}},"uagb_featured_image_src":{"full":false,"thumbnail":false,"medium":false,"medium_large":false,"large":false,"1536x1536":false,"2048x2048":false,"wishsuite-image":false,"ever-compare-image":false,"mailpoet_newsletter_max":false,"woocommerce_thumbnail":false,"woocommerce_single":false,"woocommerce_gallery_thumbnail":false},"uagb_author_info":{"display_name":"Charlotte","author_link":"https:\/\/asso-clan.net\/?author=2"},"uagb_comment_info":0,"uagb_excerpt":"MENTIONS L\u00c9GALES Merci de lire avec attention les diff\u00e9rentes modalit\u00e9s d\u2019utilisation du pr\u00e9sent site avant d\u2019y parcourir ses pages. En vous connectant sur ce site, vous acceptez sans r\u00e9serve les pr\u00e9sentes modalit\u00e9s. Aussi, conform\u00e9ment \u00e0 l\u2019article n\u00b06 de la Loi n\u00b02004-575 du 21 Juin 2004 pour la confiance dans l\u2019\u00e9conomie num\u00e9rique, les responsables du pr\u00e9sent\u2026","jetpack_sharing_enabled":true,"_links":{"self":[{"href":"https:\/\/asso-clan.net\/index.php?rest_route=\/wp\/v2\/pages\/3232","targetHints":{"allow":["GET"]}}],"collection":[{"href":"https:\/\/asso-clan.net\/index.php?rest_route=\/wp\/v2\/pages"}],"about":[{"href":"https:\/\/asso-clan.net\/index.php?rest_route=\/wp\/v2\/types\/page"}],"author":[{"embeddable":true,"href":"https:\/\/asso-clan.net\/index.php?rest_route=\/wp\/v2\/users\/2"}],"replies":[{"embeddable":true,"href":"https:\/\/asso-clan.net\/index.php?rest_route=%2Fwp%2Fv2%2Fcomments&post=3232"}],"version-history":[{"count":0,"href":"https:\/\/asso-clan.net\/index.php?rest_route=\/wp\/v2\/pages\/3232\/revisions"}],"wp:attachment":[{"href":"https:\/\/asso-clan.net\/index.php?rest_route=%2Fwp%2Fv2%2Fmedia&parent=3232"}],"curies":[{"name":"wp","href":"https:\/\/api.w.org\/{rel}","templated":true}]}}