{"id":2882,"date":"2025-01-13T12:45:12","date_gmt":"2025-01-13T11:45:12","guid":{"rendered":"https:\/\/dev.asso-clan.net\/?page_id=2882"},"modified":"2025-05-17T12:12:13","modified_gmt":"2025-05-17T10:12:13","slug":"adhesion","status":"publish","type":"page","link":"https:\/\/asso-clan.net\/?page_id=2882","title":{"rendered":"Adh\u00e9sion"},"content":{"rendered":"\n<div class=\"wp-block-uagb-container uagb-block-4a6abd14 alignfull uagb-is-root-container\"><div class=\"uagb-container-inner-blocks-wrap\"><\/div><\/div>\n\n\n\n<div class=\"wp-block-uagb-container uagb-block-6556d4d7 alignfull uagb-is-root-container\"><div class=\"uagb-container-inner-blocks-wrap\">\n<div class=\"wp-block-uagb-container uagb-block-edaaaaea\">\n<h2 class=\"wp-block-heading\">Je souhaite adh\u00e9rer \u00e0 l&rsquo;association CLAN<\/h2>\n\n\n\n<p><strong>Rejoindre notre communaut\u00e9<\/strong>, c\u2019est bien plus qu\u2019une simple inscription. C\u2019est s\u2019engager dans une d\u00e9marche collective, partager des <strong>valeurs<\/strong> communes et participer activement \u00e0 un projet qui vous tient \u00e0 c\u0153ur. En <strong>devenant membre<\/strong>, vous acc\u00e9dez \u00e0 de <strong>nombreux avantages<\/strong> exclusifs tout en contribuant au d\u00e9veloppement de nos actions.<\/p>\n\n\n\n<div class=\"wp-block-buttons is-content-justification-center is-layout-flex wp-container-core-buttons-is-layout-a89b3969 wp-block-buttons-is-layout-flex\">\n<div class=\"wp-block-button\"><a class=\"wp-block-button__link wp-element-button\" href=\"https:\/\/asso-clan.net\/?product=adhesion-a-lassociation-clan\">Adh\u00e9rez maintenant ! <\/a><\/div>\n<\/div>\n\n\n\n<h3 class=\"wp-block-heading\"><br>Adh\u00e9rez au CLAN pour 15\u20ac\/an et profitez de tous les avantages adh\u00e9rents : <\/h3>\n\n\n\n<ul class=\"wp-block-list\">\n<li>Participez \u00e0 des \u00e9v\u00e9nements et des sorties \u00e0 prix r\u00e9duits.<\/li>\n<\/ul>\n\n\n\n<ul class=\"wp-block-list\">\n<li>C&rsquo;est aussi la possibilit\u00e9 d&rsquo;acheter du mat\u00e9riel reconditionn\u00e9 pour offrir une seconde vie \u00e0 des ordinateurs, smartphones, \u00e9crans, tablettes, mat\u00e9riel informatique en tout genre \u00e0 haute performance, mobilier de bureau &#8230;<\/li>\n<\/ul>\n\n\n\n<p>L&rsquo;adh\u00e9sion couvre une ann\u00e9e compl\u00e8te apr\u00e8s r\u00e9ception de votre cotisation.<\/p>\n<\/div>\n\n\n\n<div class=\"wp-block-uagb-container uagb-block-ce21cf22\">\n<figure class=\"wp-block-image size-large\"><img fetchpriority=\"high\" decoding=\"async\" width=\"768\" height=\"1024\" src=\"https:\/\/dev.asso-clan.net\/wp-content\/uploads\/2025\/02\/9-1-768x1024.jpg\" alt=\"\" class=\"wp-image-3320\" srcset=\"https:\/\/asso-clan.net\/wp-content\/uploads\/2025\/02\/9-1-768x1024.jpg 768w, https:\/\/asso-clan.net\/wp-content\/uploads\/2025\/02\/9-1-300x400.jpg 300w, https:\/\/asso-clan.net\/wp-content\/uploads\/2025\/02\/9-1-450x600.jpg 450w, https:\/\/asso-clan.net\/wp-content\/uploads\/2025\/02\/9-1-225x300.jpg 225w, https:\/\/asso-clan.net\/wp-content\/uploads\/2025\/02\/9-1-1152x1536.jpg 1152w, https:\/\/asso-clan.net\/wp-content\/uploads\/2025\/02\/9-1.jpg 1200w\" sizes=\"(max-width: 768px) 100vw, 768px\" \/><\/figure>\n<\/div>\n<\/div><\/div>\n\n\n\n<div class=\"wp-block-uagb-separator uagb-block-b2482110\"><div class=\"uagb-separator-spacing-wrapper\"><div class=\"wp-block-uagb-separator__inner\" style=\"--my-background-image:url(&quot;data:image\/svg+xml,%3Csvg width='16' height='16' viewBox='0 0 16 16' fill='none' xmlns='http:\/\/www.w3.org\/2000\/svg'%3E%3Cpath d='M6.29312 16.9999L17 6.29302M14.2931 16.9999L17 14.293M-0.707031 15.9999L16.0002 -0.707153M8.00017 -0.707153L-0.706882 7.9999' stroke='black'\/%3E%3C\/svg%3E&quot;)\"><\/div><\/div><\/div>\n\n\n\n<div class=\"wp-block-uagb-container uagb-block-b16ed806 alignfull uagb-is-root-container\"><div class=\"uagb-container-inner-blocks-wrap\">\n<h2 class=\"wp-block-heading\">Je souhaite adh\u00e9rer \u00e0 l&rsquo;InterCEA (Comit\u00e9s d\u2019Entreprise et Amicales) <\/h2>\n<\/div><\/div>\n\n\n\n<div class=\"wp-block-uagb-container uagb-block-1dd8521b alignfull uagb-is-root-container\"><div class=\"uagb-container-inner-blocks-wrap\">\n<div class=\"wp-block-uagb-container uagb-block-b1d74d4e\">\n<figure class=\"wp-block-image size-full has-custom-border\" style=\"margin-top:0;margin-bottom:0\"><img decoding=\"async\" width=\"1024\" height=\"536\" src=\"https:\/\/dev.asso-clan.net\/wp-content\/uploads\/2025\/01\/carte-intercea.jpg\" alt=\"\" class=\"wp-image-3050\" style=\"border-style:none;border-width:0px\" srcset=\"https:\/\/asso-clan.net\/wp-content\/uploads\/2025\/01\/carte-intercea.jpg 1024w, https:\/\/asso-clan.net\/wp-content\/uploads\/2025\/01\/carte-intercea-300x157.jpg 300w, https:\/\/asso-clan.net\/wp-content\/uploads\/2025\/01\/carte-intercea-450x236.jpg 450w, https:\/\/asso-clan.net\/wp-content\/uploads\/2025\/01\/carte-intercea-768x402.jpg 768w\" sizes=\"(max-width: 1024px) 100vw, 1024px\" \/><\/figure>\n<\/div>\n\n\n\n<div class=\"wp-block-uagb-container uagb-block-149547d7\">\n<h3 class=\"wp-block-heading\"><br>Adh\u00e9rez \u00e0 la carte InterCEA pour 10\u20ac\/an pour encore plus d&rsquo;avantages sur la th\u00e9matique sorties et culture :<\/h3>\n\n\n\n<ul class=\"wp-block-list\">\n<li>Voyages, locatif<\/li>\n\n\n\n<li>Concert<\/li>\n\n\n\n<li>Commission p\u00eache (location d\u2019\u00e9tangs)<\/li>\n\n\n\n<li>Remise dans de nombreux magasins<\/li>\n<\/ul>\n<\/div>\n<\/div><\/div>\n\n\n\n<div class=\"wp-block-uagb-container uagb-block-01329ff9 alignfull uagb-is-root-container\"><div class=\"uagb-container-inner-blocks-wrap\">\n<h3 class=\"wp-block-heading has-text-align-center\">Quel est le but et les missions de L&rsquo;interCEA ?<\/h3>\n\n\n\n<ul class=\"wp-block-list\">\n<li>Coordonner et d\u00e9velopper les activit\u00e9s entre Comit\u00e9s d\u2019Entreprise, Amicales et Associations tout en permettant une \u00e9volution de chacun avec la garantie de conserver son identit\u00e9 et ses caract\u00e9ristiques propres.<\/li>\n\n\n\n<li>R\u00e9duire les in\u00e9galit\u00e9s sociales et culturelles en permettant la participation du plus grand nombre de salari\u00e9s et de leur famille.<\/li>\n\n\n\n<li>Impliquer les adh\u00e9rents dans une r\u00e9flexion commune pour promouvoir toutes les actions \u00e9conomiques, sociales, culturelles, sportives et de loisirs.<\/li>\n\n\n\n<li>Constituer une force de n\u00e9gociation aupr\u00e8s des diff\u00e9rents prestataires et permettre la mise en \u0153uvre d\u2019une politique adapt\u00e9e aux revenus des utilisateurs.<\/li>\n<\/ul>\n\n\n\n<p class=\"has-text-align-center\">L&rsquo;adh\u00e9sion ouvre des droits du 28 f\u00e9vrier de l&rsquo;ann\u00e9e N jusqu&rsquo;au 28 f\u00e9vrier de l&rsquo;ann\u00e9e N+1. Aucun prorata temporis ne peut \u00eatre effectu\u00e9. <\/p>\n\n\n\n<p class=\"has-text-align-center has-ast-global-color-0-color has-text-color has-link-color wp-elements-b3561bf0c1c07c95efb929e5e90123aa\"><strong>Attention, il faut d\u00e9j\u00e0 \u00eatre adh\u00e9rent CLAN avant de souscrire une inscription \u00e0 la carte InterCEA.<\/strong><\/p>\n<\/div><\/div>\n\n\n\n<div class=\"wp-block-buttons is-content-justification-center is-layout-flex wp-container-core-buttons-is-layout-a89b3969 wp-block-buttons-is-layout-flex\">\n<div class=\"wp-block-button\"><a class=\"wp-block-button__link wp-element-button\" href=\"https:\/\/dev.asso-clan.net\/?product=adhesion-a-linter-cea\">D\u00e9couvrir les avantages Intercea<\/a><\/div>\n<\/div>\n\n\n\n<div class=\"wp-block-buttons alignwide has-custom-font-size has-large-font-size is-content-justification-center is-layout-flex wp-container-core-buttons-is-layout-de6d9f3a wp-block-buttons-is-layout-flex\" style=\"padding-right:0;padding-left:0\"><\/div>\n\n\n\n<p><\/p>\n","protected":false},"excerpt":{"rendered":"<p>Je souhaite adh\u00e9rer \u00e0 l&rsquo;association CLAN Rejoindre notre communaut\u00e9, c\u2019est bien plus qu\u2019une simple inscription. C\u2019est s\u2019engager dans une d\u00e9marche collective, partager des valeurs communes et participer activement \u00e0 un projet qui vous tient \u00e0 c\u0153ur. En devenant membre, vous acc\u00e9dez \u00e0 de nombreux avantages exclusifs tout en contribuant au d\u00e9veloppement de nos actions. Adh\u00e9rez [&hellip;]<\/p>\n","protected":false},"author":2,"featured_media":2923,"parent":0,"menu_order":0,"comment_status":"closed","ping_status":"closed","template":"","meta":{"_uag_custom_page_level_css":"","site-sidebar-layout":"default","site-content-layout":"","ast-site-content-layout":"default","site-content-style":"default","site-sidebar-style":"default","ast-global-header-display":"","ast-banner-title-visibility":"","ast-main-header-display":"","ast-hfb-above-header-display":"","ast-hfb-below-header-display":"","ast-hfb-mobile-header-display":"","site-post-title":"disabled","ast-breadcrumbs-content":"","ast-featured-img":"","footer-sml-layout":"","theme-transparent-header-meta":"","adv-header-id-meta":"","stick-header-meta":"","header-above-stick-meta":"","header-main-stick-meta":"","header-below-stick-meta":"","astra-migrate-meta-layouts":"set","ast-page-background-enabled":"default","ast-page-background-meta":{"desktop":{"background-color":"","background-image":"","background-repeat":"repeat","background-position":"center center","background-size":"auto","background-attachment":"scroll","background-type":"","background-media":"","overlay-type":"","overlay-color":"","overlay-opacity":"","overlay-gradient":""},"tablet":{"background-color":"","background-image":"","background-repeat":"repeat","background-position":"center center","background-size":"auto","background-attachment":"scroll","background-type":"","background-media":"","overlay-type":"","overlay-color":"","overlay-opacity":"","overlay-gradient":""},"mobile":{"background-color":"","background-image":"","background-repeat":"repeat","background-position":"center center","background-size":"auto","background-attachment":"scroll","background-type":"","background-media":"","overlay-type":"","overlay-color":"","overlay-opacity":"","overlay-gradient":""}},"ast-content-background-meta":{"desktop":{"background-color":"var(--ast-global-color-5)","background-image":"","background-repeat":"repeat","background-position":"center center","background-size":"auto","background-attachment":"scroll","background-type":"","background-media":"","overlay-type":"","overlay-color":"","overlay-opacity":"","overlay-gradient":""},"tablet":{"background-color":"var(--ast-global-color-5)","background-image":"","background-repeat":"repeat","background-position":"center center","background-size":"auto","background-attachment":"scroll","background-type":"","background-media":"","overlay-type":"","overlay-color":"","overlay-opacity":"","overlay-gradient":""},"mobile":{"background-color":"var(--ast-global-color-5)","background-image":"","background-repeat":"repeat","background-position":"center center","background-size":"auto","background-attachment":"scroll","background-type":"","background-media":"","overlay-type":"","overlay-color":"","overlay-opacity":"","overlay-gradient":""}},"footnotes":""},"class_list":["post-2882","page","type-page","status-publish","has-post-thumbnail","hentry"],"yoast_head":"<!-- This site is optimized with the Yoast SEO plugin v25.1 - https:\/\/yoast.com\/wordpress\/plugins\/seo\/ -->\n<title>Adh\u00e9sion - CLAN<\/title>\n<meta name=\"description\" content=\"Adh\u00e9rez au CLAN pour profiter de tous les avantages membres, sorties culture et loisirs, achat de mat\u00e9riel reconditionn\u00e9.\" \/>\n<meta name=\"robots\" content=\"index, follow, max-snippet:-1, max-image-preview:large, max-video-preview:-1\" \/>\n<link rel=\"canonical\" href=\"https:\/\/asso-clan.net\/?page_id=2882\" \/>\n<meta property=\"og:locale\" content=\"fr_FR\" \/>\n<meta property=\"og:type\" content=\"article\" \/>\n<meta property=\"og:title\" content=\"Adh\u00e9sion - CLAN\" \/>\n<meta property=\"og:description\" content=\"Adh\u00e9rez au CLAN pour profiter de tous les avantages membres, sorties culture et loisirs, achat de mat\u00e9riel reconditionn\u00e9.\" \/>\n<meta property=\"og:url\" content=\"https:\/\/asso-clan.net\/?page_id=2882\" \/>\n<meta property=\"og:site_name\" content=\"CLAN\" \/>\n<meta property=\"article:modified_time\" content=\"2025-05-17T10:12:13+00:00\" \/>\n<meta property=\"og:image\" content=\"https:\/\/asso-clan.net\/wp-content\/uploads\/2025\/01\/Accueil.jpg\" \/>\n\t<meta property=\"og:image:width\" content=\"2500\" \/>\n\t<meta property=\"og:image:height\" content=\"1471\" \/>\n\t<meta property=\"og:image:type\" content=\"image\/jpeg\" \/>\n<meta name=\"twitter:card\" content=\"summary_large_image\" \/>\n<meta name=\"twitter:label1\" content=\"Dur\u00e9e de lecture estim\u00e9e\" \/>\n\t<meta name=\"twitter:data1\" content=\"3 minutes\" \/>\n<script type=\"application\/ld+json\" class=\"yoast-schema-graph\">{\"@context\":\"https:\/\/schema.org\",\"@graph\":[{\"@type\":\"WebPage\",\"@id\":\"https:\/\/asso-clan.net\/?page_id=2882\",\"url\":\"https:\/\/asso-clan.net\/?page_id=2882\",\"name\":\"Adh\u00e9sion - CLAN\",\"isPartOf\":{\"@id\":\"http:\/\/asso-clan.net\/#website\"},\"primaryImageOfPage\":{\"@id\":\"https:\/\/asso-clan.net\/?page_id=2882#primaryimage\"},\"image\":{\"@id\":\"https:\/\/asso-clan.net\/?page_id=2882#primaryimage\"},\"thumbnailUrl\":\"https:\/\/asso-clan.net\/wp-content\/uploads\/2025\/01\/Accueil.jpg\",\"datePublished\":\"2025-01-13T11:45:12+00:00\",\"dateModified\":\"2025-05-17T10:12:13+00:00\",\"description\":\"Adh\u00e9rez au CLAN pour profiter de tous les avantages membres, sorties culture et loisirs, achat de mat\u00e9riel reconditionn\u00e9.\",\"breadcrumb\":{\"@id\":\"https:\/\/asso-clan.net\/?page_id=2882#breadcrumb\"},\"inLanguage\":\"fr-FR\",\"potentialAction\":[{\"@type\":\"ReadAction\",\"target\":[\"https:\/\/asso-clan.net\/?page_id=2882\"]}]},{\"@type\":\"ImageObject\",\"inLanguage\":\"fr-FR\",\"@id\":\"https:\/\/asso-clan.net\/?page_id=2882#primaryimage\",\"url\":\"https:\/\/asso-clan.net\/wp-content\/uploads\/2025\/01\/Accueil.jpg\",\"contentUrl\":\"https:\/\/asso-clan.net\/wp-content\/uploads\/2025\/01\/Accueil.jpg\",\"width\":2500,\"height\":1471,\"caption\":\"Nnancy CLAN\"},{\"@type\":\"BreadcrumbList\",\"@id\":\"https:\/\/asso-clan.net\/?page_id=2882#breadcrumb\",\"itemListElement\":[{\"@type\":\"ListItem\",\"position\":1,\"name\":\"Accueil\",\"item\":\"https:\/\/asso-clan.net\/\"},{\"@type\":\"ListItem\",\"position\":2,\"name\":\"Adh\u00e9sion\"}]},{\"@type\":\"WebSite\",\"@id\":\"http:\/\/asso-clan.net\/#website\",\"url\":\"http:\/\/asso-clan.net\/\",\"name\":\"CLAN\",\"description\":\"Culture et Loisirs Associatifs Nancy\",\"publisher\":{\"@id\":\"http:\/\/asso-clan.net\/#organization\"},\"potentialAction\":[{\"@type\":\"SearchAction\",\"target\":{\"@type\":\"EntryPoint\",\"urlTemplate\":\"http:\/\/asso-clan.net\/?s={search_term_string}\"},\"query-input\":{\"@type\":\"PropertyValueSpecification\",\"valueRequired\":true,\"valueName\":\"search_term_string\"}}],\"inLanguage\":\"fr-FR\"},{\"@type\":\"Organization\",\"@id\":\"http:\/\/asso-clan.net\/#organization\",\"name\":\"CLAN - Culture et Loisirs Associatifs Nancy\",\"url\":\"http:\/\/asso-clan.net\/\",\"logo\":{\"@type\":\"ImageObject\",\"inLanguage\":\"fr-FR\",\"@id\":\"http:\/\/asso-clan.net\/#\/schema\/logo\/image\/\",\"url\":\"https:\/\/asso-clan.net\/wp-content\/uploads\/2024\/12\/cropped-logo-vector.png\",\"contentUrl\":\"https:\/\/asso-clan.net\/wp-content\/uploads\/2024\/12\/cropped-logo-vector.png\",\"width\":1164,\"height\":387,\"caption\":\"CLAN - Culture et Loisirs Associatifs Nancy\"},\"image\":{\"@id\":\"http:\/\/asso-clan.net\/#\/schema\/logo\/image\/\"}}]}<\/script>\n<!-- \/ Yoast SEO plugin. -->","yoast_head_json":{"title":"Adh\u00e9sion - CLAN","description":"Adh\u00e9rez au CLAN pour profiter de tous les avantages membres, sorties culture et loisirs, achat de mat\u00e9riel reconditionn\u00e9.","robots":{"index":"index","follow":"follow","max-snippet":"max-snippet:-1","max-image-preview":"max-image-preview:large","max-video-preview":"max-video-preview:-1"},"canonical":"https:\/\/asso-clan.net\/?page_id=2882","og_locale":"fr_FR","og_type":"article","og_title":"Adh\u00e9sion - CLAN","og_description":"Adh\u00e9rez au CLAN pour profiter de tous les avantages membres, sorties culture et loisirs, achat de mat\u00e9riel reconditionn\u00e9.","og_url":"https:\/\/asso-clan.net\/?page_id=2882","og_site_name":"CLAN","article_modified_time":"2025-05-17T10:12:13+00:00","og_image":[{"width":2500,"height":1471,"url":"https:\/\/asso-clan.net\/wp-content\/uploads\/2025\/01\/Accueil.jpg","type":"image\/jpeg"}],"twitter_card":"summary_large_image","twitter_misc":{"Dur\u00e9e de lecture estim\u00e9e":"3 minutes"},"schema":{"@context":"https:\/\/schema.org","@graph":[{"@type":"WebPage","@id":"https:\/\/asso-clan.net\/?page_id=2882","url":"https:\/\/asso-clan.net\/?page_id=2882","name":"Adh\u00e9sion - CLAN","isPartOf":{"@id":"http:\/\/asso-clan.net\/#website"},"primaryImageOfPage":{"@id":"https:\/\/asso-clan.net\/?page_id=2882#primaryimage"},"image":{"@id":"https:\/\/asso-clan.net\/?page_id=2882#primaryimage"},"thumbnailUrl":"https:\/\/asso-clan.net\/wp-content\/uploads\/2025\/01\/Accueil.jpg","datePublished":"2025-01-13T11:45:12+00:00","dateModified":"2025-05-17T10:12:13+00:00","description":"Adh\u00e9rez au CLAN pour profiter de tous les avantages membres, sorties culture et loisirs, achat de mat\u00e9riel reconditionn\u00e9.","breadcrumb":{"@id":"https:\/\/asso-clan.net\/?page_id=2882#breadcrumb"},"inLanguage":"fr-FR","potentialAction":[{"@type":"ReadAction","target":["https:\/\/asso-clan.net\/?page_id=2882"]}]},{"@type":"ImageObject","inLanguage":"fr-FR","@id":"https:\/\/asso-clan.net\/?page_id=2882#primaryimage","url":"https:\/\/asso-clan.net\/wp-content\/uploads\/2025\/01\/Accueil.jpg","contentUrl":"https:\/\/asso-clan.net\/wp-content\/uploads\/2025\/01\/Accueil.jpg","width":2500,"height":1471,"caption":"Nnancy CLAN"},{"@type":"BreadcrumbList","@id":"https:\/\/asso-clan.net\/?page_id=2882#breadcrumb","itemListElement":[{"@type":"ListItem","position":1,"name":"Accueil","item":"https:\/\/asso-clan.net\/"},{"@type":"ListItem","position":2,"name":"Adh\u00e9sion"}]},{"@type":"WebSite","@id":"http:\/\/asso-clan.net\/#website","url":"http:\/\/asso-clan.net\/","name":"CLAN","description":"Culture et Loisirs Associatifs Nancy","publisher":{"@id":"http:\/\/asso-clan.net\/#organization"},"potentialAction":[{"@type":"SearchAction","target":{"@type":"EntryPoint","urlTemplate":"http:\/\/asso-clan.net\/?s={search_term_string}"},"query-input":{"@type":"PropertyValueSpecification","valueRequired":true,"valueName":"search_term_string"}}],"inLanguage":"fr-FR"},{"@type":"Organization","@id":"http:\/\/asso-clan.net\/#organization","name":"CLAN - Culture et Loisirs Associatifs Nancy","url":"http:\/\/asso-clan.net\/","logo":{"@type":"ImageObject","inLanguage":"fr-FR","@id":"http:\/\/asso-clan.net\/#\/schema\/logo\/image\/","url":"https:\/\/asso-clan.net\/wp-content\/uploads\/2024\/12\/cropped-logo-vector.png","contentUrl":"https:\/\/asso-clan.net\/wp-content\/uploads\/2024\/12\/cropped-logo-vector.png","width":1164,"height":387,"caption":"CLAN - Culture et Loisirs Associatifs Nancy"},"image":{"@id":"http:\/\/asso-clan.net\/#\/schema\/logo\/image\/"}}]}},"uagb_featured_image_src":{"full":["https:\/\/asso-clan.net\/wp-content\/uploads\/2025\/01\/Accueil.jpg",2500,1471,false],"thumbnail":["https:\/\/asso-clan.net\/wp-content\/uploads\/2025\/01\/Accueil-150x150.jpg",150,150,true],"medium":["https:\/\/asso-clan.net\/wp-content\/uploads\/2025\/01\/Accueil-300x177.jpg",300,177,true],"medium_large":["https:\/\/asso-clan.net\/wp-content\/uploads\/2025\/01\/Accueil-768x452.jpg",768,452,true],"large":["https:\/\/asso-clan.net\/wp-content\/uploads\/2025\/01\/Accueil-1024x603.jpg",1024,603,true],"1536x1536":["https:\/\/asso-clan.net\/wp-content\/uploads\/2025\/01\/Accueil-1536x904.jpg",1536,904,true],"2048x2048":["https:\/\/asso-clan.net\/wp-content\/uploads\/2025\/01\/Accueil-2048x1205.jpg",2048,1205,true],"wishsuite-image":["https:\/\/asso-clan.net\/wp-content\/uploads\/2025\/01\/Accueil.jpg",80,47,false],"ever-compare-image":["https:\/\/asso-clan.net\/wp-content\/uploads\/2025\/01\/Accueil.jpg",300,177,false],"mailpoet_newsletter_max":["https:\/\/asso-clan.net\/wp-content\/uploads\/2025\/01\/Accueil-1320x777.jpg",1320,777,true],"woocommerce_thumbnail":["https:\/\/asso-clan.net\/wp-content\/uploads\/2025\/01\/Accueil-300x177.jpg",300,177,true],"woocommerce_single":["https:\/\/asso-clan.net\/wp-content\/uploads\/2025\/01\/Accueil-450x265.jpg",450,265,true],"woocommerce_gallery_thumbnail":["https:\/\/asso-clan.net\/wp-content\/uploads\/2025\/01\/Accueil-100x100.jpg",100,100,true]},"uagb_author_info":{"display_name":"Charlotte","author_link":"https:\/\/asso-clan.net\/?author=2"},"uagb_comment_info":0,"uagb_excerpt":"Je souhaite adh\u00e9rer \u00e0 l&rsquo;association CLAN Rejoindre notre communaut\u00e9, c\u2019est bien plus qu\u2019une simple inscription. C\u2019est s\u2019engager dans une d\u00e9marche collective, partager des valeurs communes et participer activement \u00e0 un projet qui vous tient \u00e0 c\u0153ur. En devenant membre, vous acc\u00e9dez \u00e0 de nombreux avantages exclusifs tout en contribuant au d\u00e9veloppement de nos actions. Adh\u00e9rez\u2026","jetpack_sharing_enabled":true,"_links":{"self":[{"href":"https:\/\/asso-clan.net\/index.php?rest_route=\/wp\/v2\/pages\/2882","targetHints":{"allow":["GET"]}}],"collection":[{"href":"https:\/\/asso-clan.net\/index.php?rest_route=\/wp\/v2\/pages"}],"about":[{"href":"https:\/\/asso-clan.net\/index.php?rest_route=\/wp\/v2\/types\/page"}],"author":[{"embeddable":true,"href":"https:\/\/asso-clan.net\/index.php?rest_route=\/wp\/v2\/users\/2"}],"replies":[{"embeddable":true,"href":"https:\/\/asso-clan.net\/index.php?rest_route=%2Fwp%2Fv2%2Fcomments&post=2882"}],"version-history":[{"count":1,"href":"https:\/\/asso-clan.net\/index.php?rest_route=\/wp\/v2\/pages\/2882\/revisions"}],"predecessor-version":[{"id":4203,"href":"https:\/\/asso-clan.net\/index.php?rest_route=\/wp\/v2\/pages\/2882\/revisions\/4203"}],"wp:featuredmedia":[{"embeddable":true,"href":"https:\/\/asso-clan.net\/index.php?rest_route=\/wp\/v2\/media\/2923"}],"wp:attachment":[{"href":"https:\/\/asso-clan.net\/index.php?rest_route=%2Fwp%2Fv2%2Fmedia&parent=2882"}],"curies":[{"name":"wp","href":"https:\/\/api.w.org\/{rel}","templated":true}]}}