{"id":2756,"date":"2024-12-27T15:38:08","date_gmt":"2024-12-27T14:38:08","guid":{"rendered":"https:\/\/dev.asso-clan.net\/contact-us\/"},"modified":"2025-04-23T17:35:27","modified_gmt":"2025-04-23T15:35:27","slug":"contactez-nous","status":"publish","type":"page","link":"https:\/\/asso-clan.net\/?page_id=2756","title":{"rendered":"Contactez-nous"},"content":{"rendered":"\n<div class=\"wp-block-uagb-container uagb-block-4ea82442 alignfull uagb-is-root-container\">\n<div class=\"wp-block-columns is-layout-flex wp-container-core-columns-is-layout-28f84493 wp-block-columns-is-layout-flex\">\n<div class=\"wp-block-column is-layout-flow wp-block-column-is-layout-flow\" style=\"flex-basis:100%\">\n<div class=\"wp-block-uagb-advanced-heading uagb-block-5cb667a4\"><h2 class=\"uagb-heading-text\">Contactez-nous<\/h2><\/div>\n<\/div>\n<\/div>\n<\/div>\n\n\n\n<div class=\"wp-block-uagb-container uagb-block-cb631c61 alignfull uagb-is-root-container\"><div class=\"uagb-container-inner-blocks-wrap\">\n<div class=\"wp-block-uagb-info-box uagb-block-e36be1b3 uagb-infobox__content-wrap  uagb-infobox-icon-above-title uagb-infobox-image-valign-top\"><div class=\"uagb-ifb-content\"><div class=\"uagb-ifb-title-wrap\"><h5 class=\"uagb-ifb-title-prefix\">Vous avez des questions ?<\/h5><h2 class=\"uagb-ifb-title\">Nous sommes l\u00e0 pour vous aider.\u200b<\/h2><\/div><div class=\"uagb-ifb-separator\"><\/div><\/div><\/div>\n\n\n\n<div class=\"wp-block-group alignfull is-content-justification-center is-nowrap is-layout-flex wp-container-core-group-is-layout-23441af8 wp-block-group-is-layout-flex\">\n<div class=\"wp-block-uagb-container uagb-block-bbac4cb6\">\n<div class=\"wp-block-uagb-advanced-heading uagb-block-425262b5\"><h3 class=\"uagb-heading-text\">Mail <\/h3><p class=\"uagb-desc-text\">Contacter les membres du CLAN<\/p><\/div>\n\n\n\n<div class=\"wp-block-uagb-advanced-heading uagb-block-40b56668\"><h5 class=\"uagb-heading-text\">contact@asso-clan.net<\/h5><\/div>\n<\/div>\n<\/div>\n<\/div><\/div>\n\n\n\n<div class=\"wp-block-uagb-container uagb-block-18f504cd alignfull uagb-is-root-container\"><div class=\"uagb-container-inner-blocks-wrap\">\n<div class=\"wp-block-uagb-info-box uagb-block-5df65d14 uagb-infobox__content-wrap  uagb-infobox-icon-above-title uagb-infobox-image-valign-top wp-block-uagb-info-box--has-margin\"><div class=\"uagb-infobox-margin-wrapper\"><div class=\"uagb-ifb-content\"><div class=\"uagb-ifb-title-wrap\"><h6 class=\"uagb-ifb-title-prefix\"><br><\/h6><h2 class=\"uagb-ifb-title\">Formulaire de contact <\/h2><\/div><p class=\"uagb-ifb-desc\">On est l\u00e0 pour vous ! <br>Vous avez une demande particuli\u00e8re ? Une question ?  Un message \u00e0 nous transmettre ?<br>Remplissez le formulaire de contact et on vous r\u00e9pondra plus vite que l&rsquo;\u00e9clair (ou presque) !<br><br>Clandialement.<br><\/p><\/div><\/div><\/div>\n\n\n\n<div class=\"wp-block-group is-nowrap is-layout-flex wp-container-core-group-is-layout-6c531013 wp-block-group-is-layout-flex\">\n<div class=\"wp-block-uagb-container uagb-block-7092669b\">\n<div data-aos= \"fade\" data-aos-duration=\"400\" data-aos-delay=\"0\" data-aos-easing=\"ease\" data-aos-once=\"true\" class=\"wp-block-uagb-forms uagb-forms__outer-wrap uagb-block-371d82be uagb-forms__medium-btn\"><form class=\"uagb-forms-main-form\" method=\"post\" autocomplete=\"on\" name=\"uagb-form-371d82be\">\n<div class=\"wp-block-uagb-forms-name uagb-forms-name-wrap uagb-forms-field-set uagb-block-30024d66\"><div class=\"uagb-forms-name-label required uagb-forms-input-label\" id=\"30024d66\">First Name<\/div><input type=\"text\" placeholder=\"NOM ET PR\u00c9NOM\" required class=\"uagb-forms-name-input uagb-forms-input\" name=\"30024d66\" autocomplete=\"given-name\"\/><\/div>\n\n\n\n<div class=\"wp-block-uagb-forms-name uagb-forms-name-wrap uagb-forms-field-set uagb-block-4b0bcc3c\"><div class=\"uagb-forms-name-label required uagb-forms-input-label\" id=\"4b0bcc3c\">Last Name<\/div><input type=\"text\" placeholder=\"SUJET\" required class=\"uagb-forms-name-input uagb-forms-input\" name=\"4b0bcc3c\" autocomplete=\"family-name\"\/><\/div>\n\n\n\n<div class=\"wp-block-uagb-forms-email uagb-forms-email-wrap uagb-forms-field-set uagb-block-18d3ad3c\"><div class=\"uagb-forms-email-label  uagb-forms-input-label\" id=\"18d3ad3c\">Email<\/div><input type=\"email\" class=\"uagb-forms-email-input uagb-forms-input\" placeholder=\"EMAIL\" name=\"18d3ad3c\" autocomplete=\"email\"\/><\/div>\n\n\n\n<div class=\"wp-block-uagb-forms-textarea uagb-forms-textarea-wrap uagb-forms-field-set uagb-block-ea9ed6d4\"><div class=\"uagb-forms-textarea-label required uagb-forms-input-label\" id=\"ea9ed6d4\">Message<\/div><textarea required class=\"uagb-forms-textarea-input uagb-forms-input\" rows=\"4\" placeholder=\"MESSAGE\" name=\"ea9ed6d4\" autocomplete=\"off\"><\/textarea><\/div>\n<div class=\"uagb-forms-form-hidden-data\"><input type=\"hidden\" id=\"g-recaptcha-response\" class=\"uagb-forms-recaptcha\"\/><input type=\"hidden\" class=\"uagb_forms_form_label\" value=\"Spectra Formulaire\"\/><input type=\"hidden\" class=\"uagb_forms_form_id\" value=\"uagb-form-371d82be\"\/><\/div><div class=\"g-recaptcha uagb-forms-field-set\" data-sitekey=\"\"><\/div><div class=\"uagb-form-reacaptcha-error-371d82be\"><\/div><div class=\"uagb-forms-main-submit-button-wrap wp-block-button\"><button class=\"uagb-forms-main-submit-button wp-block-button__link\"><div class=\"uagb-forms-main-submit-button-text\">ENVOYER<\/div><\/button><\/div><\/form><div class=\"uagb-forms-success-message-371d82be uagb-forms-submit-message-hide\"><span>Votre message a \u00e9t\u00e9 transmis avec succ\u00e8s !<\/span><\/div><div class=\"uagb-forms-failed-message-371d82be uagb-forms-submit-message-hide\"><span>Une erreur s&rsquo;est produite lors de la soumission du formulaire. Veuillez v\u00e9rifier \u00e0 nouveau tous les champs du formulaire.<\/span><\/div><\/div>\n<\/div>\n<\/div>\n<\/div><\/div>\n\n\n\n<p><\/p>\n","protected":false},"excerpt":{"rendered":"<p>Contactez-nous Mail Contacter les membres du CLAN contact@asso-clan.net<\/p>\n","protected":false},"author":2,"featured_media":0,"parent":0,"menu_order":0,"comment_status":"closed","ping_status":"closed","template":"","meta":{"_uag_custom_page_level_css":"","site-sidebar-layout":"no-sidebar","site-content-layout":"plain-container","ast-site-content-layout":"full-width-container","site-content-style":"default","site-sidebar-style":"default","ast-global-header-display":"","ast-banner-title-visibility":"","ast-main-header-display":"","ast-hfb-above-header-display":"","ast-hfb-below-header-display":"","ast-hfb-mobile-header-display":"","site-post-title":"disabled","ast-breadcrumbs-content":"","ast-featured-img":"","footer-sml-layout":"","theme-transparent-header-meta":"enabled","adv-header-id-meta":"","stick-header-meta":"","header-above-stick-meta":"","header-main-stick-meta":"","header-below-stick-meta":"","astra-migrate-meta-layouts":"set","ast-page-background-enabled":"default","ast-page-background-meta":{"desktop":{"background-color":"","background-image":"","background-repeat":"repeat","background-position":"center center","background-size":"auto","background-attachment":"scroll","background-type":"","background-media":"","overlay-type":"","overlay-color":"","overlay-opacity":"","overlay-gradient":""},"tablet":{"background-color":"","background-image":"","background-repeat":"repeat","background-position":"center center","background-size":"auto","background-attachment":"scroll","background-type":"","background-media":"","overlay-type":"","overlay-color":"","overlay-opacity":"","overlay-gradient":""},"mobile":{"background-color":"","background-image":"","background-repeat":"repeat","background-position":"center center","background-size":"auto","background-attachment":"scroll","background-type":"","background-media":"","overlay-type":"","overlay-color":"","overlay-opacity":"","overlay-gradient":""}},"ast-content-background-meta":{"desktop":{"background-color":"var(--ast-global-color-5)","background-image":"","background-repeat":"repeat","background-position":"center center","background-size":"auto","background-attachment":"scroll","background-type":"","background-media":"","overlay-type":"","overlay-color":"","overlay-opacity":"","overlay-gradient":""},"tablet":{"background-color":"var(--ast-global-color-5)","background-image":"","background-repeat":"repeat","background-position":"center center","background-size":"auto","background-attachment":"scroll","background-type":"","background-media":"","overlay-type":"","overlay-color":"","overlay-opacity":"","overlay-gradient":""},"mobile":{"background-color":"var(--ast-global-color-5)","background-image":"","background-repeat":"repeat","background-position":"center center","background-size":"auto","background-attachment":"scroll","background-type":"","background-media":"","overlay-type":"","overlay-color":"","overlay-opacity":"","overlay-gradient":""}},"footnotes":""},"class_list":["post-2756","page","type-page","status-publish","hentry"],"yoast_head":"<!-- This site is optimized with the Yoast SEO plugin v25.1 - https:\/\/yoast.com\/wordpress\/plugins\/seo\/ -->\n<title>Contactez-nous - CLAN<\/title>\n<meta name=\"robots\" content=\"index, follow, max-snippet:-1, max-image-preview:large, max-video-preview:-1\" \/>\n<link rel=\"canonical\" href=\"http:\/\/asso-clan.net\/?page_id=2756\" \/>\n<meta property=\"og:locale\" content=\"fr_FR\" \/>\n<meta property=\"og:type\" content=\"article\" \/>\n<meta property=\"og:title\" content=\"Contactez-nous - CLAN\" \/>\n<meta property=\"og:description\" content=\"Contactez-nous Mail Contacter les membres du CLAN contact@asso-clan.net\" \/>\n<meta property=\"og:url\" content=\"http:\/\/asso-clan.net\/?page_id=2756\" \/>\n<meta property=\"og:site_name\" content=\"CLAN\" \/>\n<meta property=\"article:modified_time\" content=\"2025-04-23T15:35:27+00:00\" \/>\n<meta name=\"twitter:card\" content=\"summary_large_image\" \/>\n<meta name=\"twitter:label1\" content=\"Dur\u00e9e de lecture estim\u00e9e\" \/>\n\t<meta name=\"twitter:data1\" content=\"1 minute\" \/>\n<script type=\"application\/ld+json\" class=\"yoast-schema-graph\">{\"@context\":\"https:\/\/schema.org\",\"@graph\":[{\"@type\":\"WebPage\",\"@id\":\"http:\/\/asso-clan.net\/?page_id=2756\",\"url\":\"http:\/\/asso-clan.net\/?page_id=2756\",\"name\":\"Contactez-nous - CLAN\",\"isPartOf\":{\"@id\":\"http:\/\/asso-clan.net\/#website\"},\"datePublished\":\"2024-12-27T14:38:08+00:00\",\"dateModified\":\"2025-04-23T15:35:27+00:00\",\"breadcrumb\":{\"@id\":\"http:\/\/asso-clan.net\/?page_id=2756#breadcrumb\"},\"inLanguage\":\"fr-FR\",\"potentialAction\":[{\"@type\":\"ReadAction\",\"target\":[\"http:\/\/asso-clan.net\/?page_id=2756\"]}]},{\"@type\":\"BreadcrumbList\",\"@id\":\"http:\/\/asso-clan.net\/?page_id=2756#breadcrumb\",\"itemListElement\":[{\"@type\":\"ListItem\",\"position\":1,\"name\":\"Accueil\",\"item\":\"https:\/\/asso-clan.net\/\"},{\"@type\":\"ListItem\",\"position\":2,\"name\":\"Contactez-nous\"}]},{\"@type\":\"WebSite\",\"@id\":\"http:\/\/asso-clan.net\/#website\",\"url\":\"http:\/\/asso-clan.net\/\",\"name\":\"CLAN\",\"description\":\"Culture et Loisirs Associatifs Nancy\",\"publisher\":{\"@id\":\"http:\/\/asso-clan.net\/#organization\"},\"potentialAction\":[{\"@type\":\"SearchAction\",\"target\":{\"@type\":\"EntryPoint\",\"urlTemplate\":\"http:\/\/asso-clan.net\/?s={search_term_string}\"},\"query-input\":{\"@type\":\"PropertyValueSpecification\",\"valueRequired\":true,\"valueName\":\"search_term_string\"}}],\"inLanguage\":\"fr-FR\"},{\"@type\":\"Organization\",\"@id\":\"http:\/\/asso-clan.net\/#organization\",\"name\":\"CLAN - Culture et Loisirs Associatifs Nancy\",\"url\":\"http:\/\/asso-clan.net\/\",\"logo\":{\"@type\":\"ImageObject\",\"inLanguage\":\"fr-FR\",\"@id\":\"http:\/\/asso-clan.net\/#\/schema\/logo\/image\/\",\"url\":\"https:\/\/asso-clan.net\/wp-content\/uploads\/2024\/12\/cropped-logo-vector.png\",\"contentUrl\":\"https:\/\/asso-clan.net\/wp-content\/uploads\/2024\/12\/cropped-logo-vector.png\",\"width\":1164,\"height\":387,\"caption\":\"CLAN - Culture et Loisirs Associatifs Nancy\"},\"image\":{\"@id\":\"http:\/\/asso-clan.net\/#\/schema\/logo\/image\/\"}}]}<\/script>\n<!-- \/ Yoast SEO plugin. -->","yoast_head_json":{"title":"Contactez-nous - CLAN","robots":{"index":"index","follow":"follow","max-snippet":"max-snippet:-1","max-image-preview":"max-image-preview:large","max-video-preview":"max-video-preview:-1"},"canonical":"http:\/\/asso-clan.net\/?page_id=2756","og_locale":"fr_FR","og_type":"article","og_title":"Contactez-nous - CLAN","og_description":"Contactez-nous Mail Contacter les membres du CLAN contact@asso-clan.net","og_url":"http:\/\/asso-clan.net\/?page_id=2756","og_site_name":"CLAN","article_modified_time":"2025-04-23T15:35:27+00:00","twitter_card":"summary_large_image","twitter_misc":{"Dur\u00e9e de lecture estim\u00e9e":"1 minute"},"schema":{"@context":"https:\/\/schema.org","@graph":[{"@type":"WebPage","@id":"http:\/\/asso-clan.net\/?page_id=2756","url":"http:\/\/asso-clan.net\/?page_id=2756","name":"Contactez-nous - CLAN","isPartOf":{"@id":"http:\/\/asso-clan.net\/#website"},"datePublished":"2024-12-27T14:38:08+00:00","dateModified":"2025-04-23T15:35:27+00:00","breadcrumb":{"@id":"http:\/\/asso-clan.net\/?page_id=2756#breadcrumb"},"inLanguage":"fr-FR","potentialAction":[{"@type":"ReadAction","target":["http:\/\/asso-clan.net\/?page_id=2756"]}]},{"@type":"BreadcrumbList","@id":"http:\/\/asso-clan.net\/?page_id=2756#breadcrumb","itemListElement":[{"@type":"ListItem","position":1,"name":"Accueil","item":"https:\/\/asso-clan.net\/"},{"@type":"ListItem","position":2,"name":"Contactez-nous"}]},{"@type":"WebSite","@id":"http:\/\/asso-clan.net\/#website","url":"http:\/\/asso-clan.net\/","name":"CLAN","description":"Culture et Loisirs Associatifs Nancy","publisher":{"@id":"http:\/\/asso-clan.net\/#organization"},"potentialAction":[{"@type":"SearchAction","target":{"@type":"EntryPoint","urlTemplate":"http:\/\/asso-clan.net\/?s={search_term_string}"},"query-input":{"@type":"PropertyValueSpecification","valueRequired":true,"valueName":"search_term_string"}}],"inLanguage":"fr-FR"},{"@type":"Organization","@id":"http:\/\/asso-clan.net\/#organization","name":"CLAN - Culture et Loisirs Associatifs Nancy","url":"http:\/\/asso-clan.net\/","logo":{"@type":"ImageObject","inLanguage":"fr-FR","@id":"http:\/\/asso-clan.net\/#\/schema\/logo\/image\/","url":"https:\/\/asso-clan.net\/wp-content\/uploads\/2024\/12\/cropped-logo-vector.png","contentUrl":"https:\/\/asso-clan.net\/wp-content\/uploads\/2024\/12\/cropped-logo-vector.png","width":1164,"height":387,"caption":"CLAN - Culture et Loisirs Associatifs Nancy"},"image":{"@id":"http:\/\/asso-clan.net\/#\/schema\/logo\/image\/"}}]}},"uagb_featured_image_src":{"full":false,"thumbnail":false,"medium":false,"medium_large":false,"large":false,"1536x1536":false,"2048x2048":false,"wishsuite-image":false,"ever-compare-image":false,"mailpoet_newsletter_max":false,"woocommerce_thumbnail":false,"woocommerce_single":false,"woocommerce_gallery_thumbnail":false},"uagb_author_info":{"display_name":"Charlotte","author_link":"https:\/\/asso-clan.net\/?author=2"},"uagb_comment_info":0,"uagb_excerpt":"Contactez-nous Mail Contacter les membres du CLAN contact@asso-clan.net","jetpack_sharing_enabled":true,"_links":{"self":[{"href":"https:\/\/asso-clan.net\/index.php?rest_route=\/wp\/v2\/pages\/2756","targetHints":{"allow":["GET"]}}],"collection":[{"href":"https:\/\/asso-clan.net\/index.php?rest_route=\/wp\/v2\/pages"}],"about":[{"href":"https:\/\/asso-clan.net\/index.php?rest_route=\/wp\/v2\/types\/page"}],"author":[{"embeddable":true,"href":"https:\/\/asso-clan.net\/index.php?rest_route=\/wp\/v2\/users\/2"}],"replies":[{"embeddable":true,"href":"https:\/\/asso-clan.net\/index.php?rest_route=%2Fwp%2Fv2%2Fcomments&post=2756"}],"version-history":[{"count":0,"href":"https:\/\/asso-clan.net\/index.php?rest_route=\/wp\/v2\/pages\/2756\/revisions"}],"wp:attachment":[{"href":"https:\/\/asso-clan.net\/index.php?rest_route=%2Fwp%2Fv2%2Fmedia&parent=2756"}],"curies":[{"name":"wp","href":"https:\/\/api.w.org\/{rel}","templated":true}]}}